{"id":6871,"date":"2021-12-20T15:51:18","date_gmt":"2021-12-20T14:51:18","guid":{"rendered":"https:\/\/antarisboats.com\/haeufig-gestellte-fragen-2\/"},"modified":"2025-07-11T14:26:32","modified_gmt":"2025-07-11T12:26:32","slug":"haeufig-gestellte-fragen-2","status":"publish","type":"page","link":"https:\/\/antarisboats.com\/de\/haeufig-gestellte-fragen-2\/","title":{"rendered":"H\u00e4ufig gestellte Fragen"},"content":{"rendered":"<div class=\"eplus-zx0ZtD wp-block-cover alignfull is-light eplus-wrapper eplus-styles-uid-1285c1\"><span aria-hidden=\"true\" class=\"wp-block-cover__background has-background-dim\"><\/span><img loading=\"lazy\" decoding=\"async\" width=\"2560\" height=\"1707\" class=\"wp-block-cover__image-background wp-image-1406\" alt=\"\" src=\"https:\/\/antarisboats.com:443\/content\/uploads\/2021\/07\/Aquatec_ANTARIS-X_MG_7234-scaled.jpg\" style=\"object-position:55% 72%\" data-object-fit=\"cover\" data-object-position=\"55% 72%\" srcset=\"https:\/\/antarisboats.com:443\/content\/uploads\/2021\/07\/Aquatec_ANTARIS-X_MG_7234-scaled.jpg 2560w, https:\/\/antarisboats.com:443\/content\/uploads\/2021\/07\/Aquatec_ANTARIS-X_MG_7234-300x200.jpg 300w, https:\/\/antarisboats.com:443\/content\/uploads\/2021\/07\/Aquatec_ANTARIS-X_MG_7234-1024x683.jpg 1024w, https:\/\/antarisboats.com:443\/content\/uploads\/2021\/07\/Aquatec_ANTARIS-X_MG_7234-768x512.jpg 768w, https:\/\/antarisboats.com:443\/content\/uploads\/2021\/07\/Aquatec_ANTARIS-X_MG_7234-1536x1024.jpg 1536w, https:\/\/antarisboats.com:443\/content\/uploads\/2021\/07\/Aquatec_ANTARIS-X_MG_7234-2048x1365.jpg 2048w, https:\/\/antarisboats.com:443\/content\/uploads\/2021\/07\/Aquatec_ANTARIS-X_MG_7234-1568x1045.jpg 1568w\" sizes=\"auto, (max-width: 2560px) 100vw, 2560px\" \/><div class=\"wp-block-cover__inner-container is-layout-flow wp-block-cover-is-layout-flow\"><div class=\"eplus-bztveS wp-block-group eplus-wrapper eplus-styles-uid-313af8\"><div class=\"wp-block-group__inner-container is-layout-flow wp-block-group-is-layout-flow\"><h2 class=\"eplus-q24MZl wp-block-heading eplus-wrapper eplus-styles-uid-7b268c\"><strong><strong>H\u00e4ufig gestellte Fragen<\/strong><\/strong><\/h2>\n\n<p class=\"eplus-5AZVrB has-text-align-left eplus-wrapper eplus-styles-uid-0a07d9\">Auf dieser Seite finden Sie Antworten auf h\u00e4ufig gestellte Fragen.<\/p><\/div><\/div><\/div><\/div>\n\n<div class=\"eplus-x070RB wp-block-group eplus-wrapper eplus-styles-uid-9bd845\"><div class=\"wp-block-group__inner-container is-layout-flow wp-block-group-is-layout-flow\">\n<details class=\"wp-block-mooore-details is-style-panel wp-block-group\" open><summary>Kann ich meine Sloep im Winter auch bei Ihnen lagern?<\/summary><div class=\"wp-block-details-content\"><p class=\"eplus-lya0u9 eplus-wrapper eplus-styles-uid-12cfbb\">Ja, wir bieten \u00dcberwinterung und Wartung in Woudsend, Friesland, an. Bitte kontaktieren Sie uns, um die Bedingungen zu erfragen. Oder besuchen Sie unsere Seite <a href=\"https:\/\/antarisboats.com\/de\/ueberwinterung-und-wartung\/\">\u00dcberwinterung und Wartung<\/a> f\u00fcr weitere Informationen.\r\n\r\n<\/p><\/div><\/details>\n\n\n\n<details class=\"wp-block-mooore-details is-style-panel wp-block-group\"><summary>Wie sind Ihre \u00d6ffnungszeiten?<\/summary><div class=\"wp-block-details-content\"><p class=\"eplus-6jRmE9 eplus-wrapper eplus-styles-uid-12cfbb\">Wir sind von Montag bis Samstag von 9:00 bis 17:00 Uhr f\u00fcr Besuche ge\u00f6ffnet.<\/p><\/div><\/details>\n\n\n\n<details class=\"wp-block-mooore-details is-style-panel wp-block-group\"><summary>Wie kann ich eine Probefahrt buchen?<\/summary><div class=\"wp-block-details-content\"><p class=\"eplus-XBR2lO eplus-wrapper eplus-styles-uid-12cfbb\">F\u00fcr eine Probefahrt vereinbaren Sie einfach einen Termin mit einem unserer Verk\u00e4ufer \u00fcber: +31 514 596 270 oder info@aquatec.frl. Wir freuen uns darauf, Sie zu einer Probefahrt in Woudsend zu begr\u00fc\u00dfen, Sie sind herzlich willkommen!<\/p><\/div><\/details>\n\n\n\n<details class=\"wp-block-mooore-details is-style-panel wp-block-group\"><summary>Was sind die Unterschiede zwischen einem Dieselmotor und elektrischem Fahren?<\/summary><div class=\"wp-block-details-content\"><p class=\"eplus-xEx2M3 eplus-wrapper eplus-styles-uid-12cfbb\">Beide Antriebe haben ihre Vorteile. Diesel ist \u00fcberall erh\u00e4ltlich, g\u00fcnstiger zu beschaffen und man kann unbegrenzt fahren. Elektroboote sind umweltfreundlich, leise und wartungsarm. Weitere Informationen zum elektrischen Fahren finden Sie hier: <a href=\"https:\/\/antarisboats.com\/de\/elektrisches-fahren\/\" target=\"_blank\" rel=\"noreferrer noopener\">Elektrisches Fahren <\/a>.<\/p><\/div><\/details>\n\n\n\n<details class=\"wp-block-mooore-details is-style-panel wp-block-group\"><summary>Haben Sie auch gebrauchte Sloepen?<\/summary><div class=\"wp-block-details-content\"><p class=\"eplus-22Er4P eplus-wrapper eplus-styles-uid-12cfbb\">Ja, Sie k\u00f6nnen alle unsere Gebrauchtboote auf unserer Website ansehen: <a href=\"https:\/\/werfoccasion.nl\" target=\"_blank\" rel=\"noreferrer noopener\">www.werfoccasion.nl<\/a><\/p><\/div><\/details>\n\n\n\n<details class=\"wp-block-mooore-details is-style-panel wp-block-group\"><summary>Wann ben\u00f6tigt man einen Bootsf\u00fchrerschein?<\/summary><div class=\"wp-block-details-content\"><p class=\"eplus-95Sm3h eplus-wrapper eplus-styles-uid-12cfbb\">\u201eDer Bootsf\u00fchrerschein ist obligatorisch f\u00fcr: Sportboote mit einer L\u00e4nge von 15 bis 25 Metern und Motorboote, die k\u00fcrzer als 15 Meter sind und schneller als 20 Kilometer pro Stunde auf dem Wasser fahren k\u00f6nnen.\u201c \u2013 www.vaarbewijs.nl\r\n\r\n<\/p><\/div><\/details>\n\n\n\n<details class=\"wp-block-mooore-details is-style-panel wp-block-group\"><summary>Wo kann ich Ersatzteile f\u00fcr meine Antaris kaufen?<\/summary><div class=\"wp-block-details-content\"><p class=\"eplus-2qAi01 eplus-wrapper eplus-styles-uid-12cfbb\">In unserem Webshop finden Sie s\u00e4mtliches Zubeh\u00f6r und Produkte f\u00fcr Ihre Antaris: <a href=\"http:\/\/www.allesvooruwsloep.nl\">www.allesvooruwsloep.nl<\/a><\/p><\/div><\/details>\n<\/div><\/div>\n\n\n<div class=\"wp-block-columns eplus-wrapper is-layout-flex wp-container-core-columns-is-layout-9d6595d7 wp-block-columns-is-layout-flex\" style=\"font-size:5px\">\n<div class=\"wp-block-column eplus-wrapper is-layout-flow wp-block-column-is-layout-flow\" style=\"flex-basis:300px\">\n<h3 class=\"wp-block-heading has-text-align-left has-text-color has-link-color eplus-wrapper wp-elements-8e6d4255ff8b9e6618b6a58ba9e4429d\" style=\"color:#0f263a\"><strong>Bleiben Sie auf dem Laufenden mit Stegtalk<\/strong><\/h3>\n\n\n<p class=\"has-text-align-center has-gray-color has-text-color has-link-color eplus-wrapper wp-elements-4b596dacb818702ca137dc27adaa73b4 eplus-styles-uid-644a40\">Hier finden Sie die neuesten Nachrichten, spannende Blogbeitr\u00e4ge und inspirierende Geschichten. Lassen Sie sich von unseren Erz\u00e4hlungen mitrei\u00dfen und bleiben Sie auf dem Laufenden \u00fcber alles, was sich auf und rund ums Wasser tut!<\/p><\/div>\n\n\n\n<div class=\"wp-block-column eplus-wrapper is-layout-flow wp-block-column-is-layout-flow\">\t<div class=\"latest-post-slider\">\n\t\t\t\t\t\t<div class=\"latest-post\">\n\t\t\t\t<a class=\"post-content\" href=\"https:\/\/antarisboats.com\/de\/ostershow-2024\/\">\n\t\t\t\t\t<figure>\n\t\t\t\t\t\t<img decoding=\"async\" src=\"https:\/\/antarisboats.com:443\/content\/uploads\/2024\/03\/ThomasVaer-Aquatec-Antaris-Fifty5-Haarlem-20230702-0005.jpg\" alt=\"Ostershow 2024\">\n\t\t\t\t\t\t<div>\n\t\t\t\t\t\t\t<span>11\/03\/2024<\/span>\n\t\t\t\t\t\t\t<h4>Ostershow 2024<\/h4>\n\t\t\t\t\t\t\t<span class=\"btn\">\n\t\t\t\t\t\t\t\t<svg xmlns=\"http:\/\/www.w3.org\/2000\/svg\" width=\"24\" height=\"24\" viewBox=\"0 0 24 24\" fill=\"none\" stroke=\"currentColor\" stroke-width=\"2\" stroke-linecap=\"round\" stroke-linejoin=\"round\"><line x1=\"5\" y1=\"12\" x2=\"19\" y2=\"12\"><\/line><polyline points=\"12 5 19 12 12 19\"><\/polyline><\/svg>\n\t\t\t\t\t\t\t<\/span>\n\t\t\t\t\t\t<\/div>\n\t\t\t\t\t<\/figure>\n\t\t\t\t<\/a>\n\t\t\t<\/div>\n\t\t\t\t\t\t\t<div class=\"latest-post\">\n\t\t\t\t<a class=\"post-content\" href=\"https:\/\/antarisboats.com\/de\/antaris-nu-ook-in-hybride\/\">\n\t\t\t\t\t<figure>\n\t\t\t\t\t\t<img decoding=\"async\" src=\"https:\/\/antarisboats.com:443\/content\/uploads\/2024\/01\/Hybride-aandrijving-Maril-7NXT-Aquatec-en-Waterworld-14-2-1920x1280.jpg\" alt=\"Antaris jetzt auch in Hybrid\">\n\t\t\t\t\t\t<div>\n\t\t\t\t\t\t\t<span>26\/01\/2024<\/span>\n\t\t\t\t\t\t\t<h4>Antaris jetzt auch in Hybrid<\/h4>\n\t\t\t\t\t\t\t<span class=\"btn\">\n\t\t\t\t\t\t\t\t<svg xmlns=\"http:\/\/www.w3.org\/2000\/svg\" width=\"24\" height=\"24\" viewBox=\"0 0 24 24\" fill=\"none\" stroke=\"currentColor\" stroke-width=\"2\" stroke-linecap=\"round\" stroke-linejoin=\"round\"><line x1=\"5\" y1=\"12\" x2=\"19\" y2=\"12\"><\/line><polyline points=\"12 5 19 12 12 19\"><\/polyline><\/svg>\n\t\t\t\t\t\t\t<\/span>\n\t\t\t\t\t\t<\/div>\n\t\t\t\t\t<\/figure>\n\t\t\t\t<\/a>\n\t\t\t<\/div>\n\t\t\t\t\t\t\t<div class=\"latest-post\">\n\t\t\t\t<a class=\"post-content\" href=\"https:\/\/antarisboats.com\/de\/ausstellung-zum-jahresende-im-woudsend\/\">\n\t\t\t\t\t<figure>\n\t\t\t\t\t\t<img decoding=\"async\" src=\"https:\/\/antarisboats.com:443\/content\/uploads\/2021\/07\/ThomasVaer-Aquatec-Antaris-Fifty5-Haarlem-20230702-0046.jpg\" alt=\"Ausstellung zum Jahresende im Woudsend 2023\">\n\t\t\t\t\t\t<div>\n\t\t\t\t\t\t\t<span>08\/12\/2023<\/span>\n\t\t\t\t\t\t\t<h4>Ausstellung zum Jahresende im Woudsend 2023<\/h4>\n\t\t\t\t\t\t\t<span class=\"btn\">\n\t\t\t\t\t\t\t\t<svg xmlns=\"http:\/\/www.w3.org\/2000\/svg\" width=\"24\" height=\"24\" viewBox=\"0 0 24 24\" fill=\"none\" stroke=\"currentColor\" stroke-width=\"2\" stroke-linecap=\"round\" stroke-linejoin=\"round\"><line x1=\"5\" y1=\"12\" x2=\"19\" y2=\"12\"><\/line><polyline points=\"12 5 19 12 12 19\"><\/polyline><\/svg>\n\t\t\t\t\t\t\t<\/span>\n\t\t\t\t\t\t<\/div>\n\t\t\t\t\t<\/figure>\n\t\t\t\t<\/a>\n\t\t\t<\/div>\n\t\t\t\t\t\t\t<div class=\"latest-post\">\n\t\t\t\t<a class=\"post-content\" href=\"https:\/\/antarisboats.com\/de\/aquatec-industries-interview-with-klaas-schiphof\/\">\n\t\t\t\t\t<figure>\n\t\t\t\t\t\t<img decoding=\"async\" src=\"https:\/\/antarisboats.com:443\/content\/uploads\/2021\/09\/aquatec-pand.jpg\" alt=\"Aquatec Industries: interview with Klaas Schiphof\">\n\t\t\t\t\t\t<div>\n\t\t\t\t\t\t\t<span>05\/05\/2023<\/span>\n\t\t\t\t\t\t\t<h4>Aquatec Industries: interview with Klaas Schiphof<\/h4>\n\t\t\t\t\t\t\t<span class=\"btn\">\n\t\t\t\t\t\t\t\t<svg xmlns=\"http:\/\/www.w3.org\/2000\/svg\" width=\"24\" height=\"24\" viewBox=\"0 0 24 24\" fill=\"none\" stroke=\"currentColor\" stroke-width=\"2\" stroke-linecap=\"round\" stroke-linejoin=\"round\"><line x1=\"5\" y1=\"12\" x2=\"19\" y2=\"12\"><\/line><polyline points=\"12 5 19 12 12 19\"><\/polyline><\/svg>\n\t\t\t\t\t\t\t<\/span>\n\t\t\t\t\t\t<\/div>\n\t\t\t\t\t<\/figure>\n\t\t\t\t<\/a>\n\t\t\t<\/div>\n\t\t\t\t\t\t\t<div class=\"latest-post\">\n\t\t\t\t<a class=\"post-content\" href=\"https:\/\/antarisboats.com\/de\/neubau-eines-aquatec-winterlagers\/\">\n\t\t\t\t\t<figure>\n\t\t\t\t\t\t<img decoding=\"async\" src=\"https:\/\/antarisboats.com:443\/content\/uploads\/2021\/11\/IMG_3050-1920x1440.jpg\" alt=\"Neubau eines Aquatec-Winterlagers\">\n\t\t\t\t\t\t<div>\n\t\t\t\t\t\t\t<span>24\/05\/2022<\/span>\n\t\t\t\t\t\t\t<h4>Neubau eines Aquatec-Winterlagers<\/h4>\n\t\t\t\t\t\t\t<span class=\"btn\">\n\t\t\t\t\t\t\t\t<svg xmlns=\"http:\/\/www.w3.org\/2000\/svg\" width=\"24\" height=\"24\" viewBox=\"0 0 24 24\" fill=\"none\" stroke=\"currentColor\" stroke-width=\"2\" stroke-linecap=\"round\" stroke-linejoin=\"round\"><line x1=\"5\" y1=\"12\" x2=\"19\" y2=\"12\"><\/line><polyline points=\"12 5 19 12 12 19\"><\/polyline><\/svg>\n\t\t\t\t\t\t\t<\/span>\n\t\t\t\t\t\t<\/div>\n\t\t\t\t\t<\/figure>\n\t\t\t\t<\/a>\n\t\t\t<\/div>\n\t\t\t<\/div>\n\t\n<\/div>\n<\/div>\n\n\n\n<div style=\"height:100px\" aria-hidden=\"true\" class=\" wp-block-spacer eplus-wrapper\"><\/div>\n","protected":false},"excerpt":{"rendered":"<p>Bleiben Sie auf dem Laufenden mit Stegtalk Hier finden Sie die neuesten Nachrichten, spannende Blogbeitr\u00e4ge und inspirierende Geschichten. Lassen Sie sich von unseren Erz\u00e4hlungen mitrei\u00dfen und bleiben Sie auf dem Laufenden \u00fcber alles, was sich auf und rund ums Wasser tut!<\/p>\n","protected":false},"author":1,"featured_media":0,"parent":0,"menu_order":86,"comment_status":"closed","ping_status":"closed","template":"","meta":{"_aqu_models_start_price":"","_aqu_models_persons":0,"_aqu_models_engine_specifications":"","_aqu_models_engine_type":"","_aqu_models_length":"","_aqu_models_height":"","_aqu_models_width":"","_aqu_models_kwh":"","_aqu_models_image":"","editor_plus_copied_stylings":"{}","footnotes":""},"folder":[],"class_list":["post-6871","page","type-page","status-publish","hentry","entry"],"yoast_head":"<!-- This site is optimized with the Yoast SEO plugin v26.8 - https:\/\/yoast.com\/product\/yoast-seo-wordpress\/ -->\n<title>H\u00e4ufig gestellte Fragen - Antaris<\/title>\n<meta name=\"description\" content=\"Auf dieser Seite finden Sie Antworten auf h\u00e4ufig gestellte Fragen. Ist Ihre Frage nicht dabei? Bitte nehmen Sie Kontakt mit uns auf!\" \/>\n<meta name=\"robots\" content=\"index, follow, max-snippet:-1, max-image-preview:large, max-video-preview:-1\" \/>\n<link rel=\"canonical\" href=\"https:\/\/antarisboats.com\/de\/haeufig-gestellte-fragen-2\/\" \/>\n<meta property=\"og:locale\" content=\"de_DE\" \/>\n<meta property=\"og:type\" content=\"article\" \/>\n<meta property=\"og:title\" content=\"H\u00e4ufig gestellte Fragen - Antaris\" \/>\n<meta property=\"og:description\" content=\"Auf dieser Seite finden Sie Antworten auf h\u00e4ufig gestellte Fragen. Ist Ihre Frage nicht dabei? Bitte nehmen Sie Kontakt mit uns auf!\" \/>\n<meta property=\"og:url\" content=\"https:\/\/antarisboats.com\/de\/haeufig-gestellte-fragen-2\/\" \/>\n<meta property=\"og:site_name\" content=\"Antaris\" \/>\n<meta property=\"article:publisher\" content=\"https:\/\/www.facebook.com\/antaris\" \/>\n<meta property=\"article:modified_time\" content=\"2025-07-11T12:26:32+00:00\" \/>\n<meta property=\"og:image\" content=\"https:\/\/antarisboats.com:443\/content\/uploads\/2021\/07\/Aquatec_ANTARIS-X_MG_7234-scaled.jpg\" \/>\n<meta name=\"twitter:card\" content=\"summary_large_image\" \/>\n<meta name=\"twitter:site\" content=\"@Antarisshipyard\" \/>\n<script type=\"application\/ld+json\" class=\"yoast-schema-graph\">{\"@context\":\"https:\/\/schema.org\",\"@graph\":[{\"@type\":\"WebPage\",\"@id\":\"https:\/\/antarisboats.com\/de\/haeufig-gestellte-fragen-2\/\",\"url\":\"https:\/\/antarisboats.com\/de\/haeufig-gestellte-fragen-2\/\",\"name\":\"H\u00e4ufig gestellte Fragen - Antaris\",\"isPartOf\":{\"@id\":\"https:\/\/antarisboats.com\/#website\"},\"primaryImageOfPage\":{\"@id\":\"https:\/\/antarisboats.com\/de\/haeufig-gestellte-fragen-2\/#primaryimage\"},\"image\":{\"@id\":\"https:\/\/antarisboats.com\/de\/haeufig-gestellte-fragen-2\/#primaryimage\"},\"thumbnailUrl\":\"https:\/\/antarisboats.com:443\/content\/uploads\/2021\/07\/Aquatec_ANTARIS-X_MG_7234-scaled.jpg\",\"datePublished\":\"2021-12-20T14:51:18+00:00\",\"dateModified\":\"2025-07-11T12:26:32+00:00\",\"description\":\"Auf dieser Seite finden Sie Antworten auf h\u00e4ufig gestellte Fragen. Ist Ihre Frage nicht dabei? Bitte nehmen Sie Kontakt mit uns auf!\",\"breadcrumb\":{\"@id\":\"https:\/\/antarisboats.com\/de\/haeufig-gestellte-fragen-2\/#breadcrumb\"},\"inLanguage\":\"de-DE\",\"potentialAction\":[{\"@type\":\"ReadAction\",\"target\":[\"https:\/\/antarisboats.com\/de\/haeufig-gestellte-fragen-2\/\"]}]},{\"@type\":\"ImageObject\",\"inLanguage\":\"de-DE\",\"@id\":\"https:\/\/antarisboats.com\/de\/haeufig-gestellte-fragen-2\/#primaryimage\",\"url\":\"https:\/\/antarisboats.com:443\/content\/uploads\/2021\/07\/Aquatec_ANTARIS-X_MG_7234-scaled.jpg\",\"contentUrl\":\"https:\/\/antarisboats.com:443\/content\/uploads\/2021\/07\/Aquatec_ANTARIS-X_MG_7234-scaled.jpg\"},{\"@type\":\"BreadcrumbList\",\"@id\":\"https:\/\/antarisboats.com\/de\/haeufig-gestellte-fragen-2\/#breadcrumb\",\"itemListElement\":[{\"@type\":\"ListItem\",\"position\":1,\"name\":\"Home\",\"item\":\"https:\/\/antarisboats.com\/de\/\"},{\"@type\":\"ListItem\",\"position\":2,\"name\":\"H\u00e4ufig gestellte Fragen\"}]},{\"@type\":\"WebSite\",\"@id\":\"https:\/\/antarisboats.com\/#website\",\"url\":\"https:\/\/antarisboats.com\/\",\"name\":\"Antaris\",\"description\":\"Kiezen voor vertrouwen\",\"publisher\":{\"@id\":\"https:\/\/antarisboats.com\/#organization\"},\"potentialAction\":[{\"@type\":\"SearchAction\",\"target\":{\"@type\":\"EntryPoint\",\"urlTemplate\":\"https:\/\/antarisboats.com\/?s={search_term_string}\"},\"query-input\":{\"@type\":\"PropertyValueSpecification\",\"valueRequired\":true,\"valueName\":\"search_term_string\"}}],\"inLanguage\":\"de-DE\"},{\"@type\":\"Organization\",\"@id\":\"https:\/\/antarisboats.com\/#organization\",\"name\":\"Antaris\",\"url\":\"https:\/\/antarisboats.com\/\",\"logo\":{\"@type\":\"ImageObject\",\"inLanguage\":\"de-DE\",\"@id\":\"https:\/\/antarisboats.com\/#\/schema\/logo\/image\/\",\"url\":\"https:\/\/res.cloudinary.com\/aquatec\/images\/f_auto,q_auto\/v1625782800\/antaris-logo\/antaris-logo.jpeg\",\"contentUrl\":\"https:\/\/res.cloudinary.com\/aquatec\/images\/f_auto,q_auto\/v1625782800\/antaris-logo\/antaris-logo.jpeg\",\"width\":500,\"height\":500,\"caption\":\"Antaris\"},\"image\":{\"@id\":\"https:\/\/antarisboats.com\/#\/schema\/logo\/image\/\"},\"sameAs\":[\"https:\/\/www.facebook.com\/antaris\",\"https:\/\/x.com\/Antarisshipyard\",\"https:\/\/www.instagram.com\/antarisboats\/\",\"https:\/\/www.youtube.com\/channel\/UCnnRWdfwcidTArpRD_4j6bg\"]}]}<\/script>\n<!-- \/ Yoast SEO plugin. -->","yoast_head_json":{"title":"H\u00e4ufig gestellte Fragen - Antaris","description":"Auf dieser Seite finden Sie Antworten auf h\u00e4ufig gestellte Fragen. Ist Ihre Frage nicht dabei? Bitte nehmen Sie Kontakt mit uns auf!","robots":{"index":"index","follow":"follow","max-snippet":"max-snippet:-1","max-image-preview":"max-image-preview:large","max-video-preview":"max-video-preview:-1"},"canonical":"https:\/\/antarisboats.com\/de\/haeufig-gestellte-fragen-2\/","og_locale":"de_DE","og_type":"article","og_title":"H\u00e4ufig gestellte Fragen - Antaris","og_description":"Auf dieser Seite finden Sie Antworten auf h\u00e4ufig gestellte Fragen. Ist Ihre Frage nicht dabei? Bitte nehmen Sie Kontakt mit uns auf!","og_url":"https:\/\/antarisboats.com\/de\/haeufig-gestellte-fragen-2\/","og_site_name":"Antaris","article_publisher":"https:\/\/www.facebook.com\/antaris","article_modified_time":"2025-07-11T12:26:32+00:00","og_image":[{"url":"https:\/\/antarisboats.com:443\/content\/uploads\/2021\/07\/Aquatec_ANTARIS-X_MG_7234-scaled.jpg","type":"","width":"","height":""}],"twitter_card":"summary_large_image","twitter_site":"@Antarisshipyard","schema":{"@context":"https:\/\/schema.org","@graph":[{"@type":"WebPage","@id":"https:\/\/antarisboats.com\/de\/haeufig-gestellte-fragen-2\/","url":"https:\/\/antarisboats.com\/de\/haeufig-gestellte-fragen-2\/","name":"H\u00e4ufig gestellte Fragen - Antaris","isPartOf":{"@id":"https:\/\/antarisboats.com\/#website"},"primaryImageOfPage":{"@id":"https:\/\/antarisboats.com\/de\/haeufig-gestellte-fragen-2\/#primaryimage"},"image":{"@id":"https:\/\/antarisboats.com\/de\/haeufig-gestellte-fragen-2\/#primaryimage"},"thumbnailUrl":"https:\/\/antarisboats.com:443\/content\/uploads\/2021\/07\/Aquatec_ANTARIS-X_MG_7234-scaled.jpg","datePublished":"2021-12-20T14:51:18+00:00","dateModified":"2025-07-11T12:26:32+00:00","description":"Auf dieser Seite finden Sie Antworten auf h\u00e4ufig gestellte Fragen. Ist Ihre Frage nicht dabei? Bitte nehmen Sie Kontakt mit uns auf!","breadcrumb":{"@id":"https:\/\/antarisboats.com\/de\/haeufig-gestellte-fragen-2\/#breadcrumb"},"inLanguage":"de-DE","potentialAction":[{"@type":"ReadAction","target":["https:\/\/antarisboats.com\/de\/haeufig-gestellte-fragen-2\/"]}]},{"@type":"ImageObject","inLanguage":"de-DE","@id":"https:\/\/antarisboats.com\/de\/haeufig-gestellte-fragen-2\/#primaryimage","url":"https:\/\/antarisboats.com:443\/content\/uploads\/2021\/07\/Aquatec_ANTARIS-X_MG_7234-scaled.jpg","contentUrl":"https:\/\/antarisboats.com:443\/content\/uploads\/2021\/07\/Aquatec_ANTARIS-X_MG_7234-scaled.jpg"},{"@type":"BreadcrumbList","@id":"https:\/\/antarisboats.com\/de\/haeufig-gestellte-fragen-2\/#breadcrumb","itemListElement":[{"@type":"ListItem","position":1,"name":"Home","item":"https:\/\/antarisboats.com\/de\/"},{"@type":"ListItem","position":2,"name":"H\u00e4ufig gestellte Fragen"}]},{"@type":"WebSite","@id":"https:\/\/antarisboats.com\/#website","url":"https:\/\/antarisboats.com\/","name":"Antaris","description":"Kiezen voor vertrouwen","publisher":{"@id":"https:\/\/antarisboats.com\/#organization"},"potentialAction":[{"@type":"SearchAction","target":{"@type":"EntryPoint","urlTemplate":"https:\/\/antarisboats.com\/?s={search_term_string}"},"query-input":{"@type":"PropertyValueSpecification","valueRequired":true,"valueName":"search_term_string"}}],"inLanguage":"de-DE"},{"@type":"Organization","@id":"https:\/\/antarisboats.com\/#organization","name":"Antaris","url":"https:\/\/antarisboats.com\/","logo":{"@type":"ImageObject","inLanguage":"de-DE","@id":"https:\/\/antarisboats.com\/#\/schema\/logo\/image\/","url":"https:\/\/res.cloudinary.com\/aquatec\/images\/f_auto,q_auto\/v1625782800\/antaris-logo\/antaris-logo.jpeg","contentUrl":"https:\/\/res.cloudinary.com\/aquatec\/images\/f_auto,q_auto\/v1625782800\/antaris-logo\/antaris-logo.jpeg","width":500,"height":500,"caption":"Antaris"},"image":{"@id":"https:\/\/antarisboats.com\/#\/schema\/logo\/image\/"},"sameAs":["https:\/\/www.facebook.com\/antaris","https:\/\/x.com\/Antarisshipyard","https:\/\/www.instagram.com\/antarisboats\/","https:\/\/www.youtube.com\/channel\/UCnnRWdfwcidTArpRD_4j6bg"]}]}},"_links":{"self":[{"href":"https:\/\/antarisboats.com\/de\/wp-json\/wp\/v2\/pages\/6871","targetHints":{"allow":["GET"]}}],"collection":[{"href":"https:\/\/antarisboats.com\/de\/wp-json\/wp\/v2\/pages"}],"about":[{"href":"https:\/\/antarisboats.com\/de\/wp-json\/wp\/v2\/types\/page"}],"author":[{"embeddable":true,"href":"https:\/\/antarisboats.com\/de\/wp-json\/wp\/v2\/users\/1"}],"replies":[{"embeddable":true,"href":"https:\/\/antarisboats.com\/de\/wp-json\/wp\/v2\/comments?post=6871"}],"version-history":[{"count":9,"href":"https:\/\/antarisboats.com\/de\/wp-json\/wp\/v2\/pages\/6871\/revisions"}],"predecessor-version":[{"id":14704,"href":"https:\/\/antarisboats.com\/de\/wp-json\/wp\/v2\/pages\/6871\/revisions\/14704"}],"wp:attachment":[{"href":"https:\/\/antarisboats.com\/de\/wp-json\/wp\/v2\/media?parent=6871"}],"wp:term":[{"taxonomy":"folder","embeddable":true,"href":"https:\/\/antarisboats.com\/de\/wp-json\/wp\/v2\/folder?post=6871"}],"curies":[{"name":"wp","href":"https:\/\/api.w.org\/{rel}","templated":true}]}}