{"id":6869,"date":"2021-12-20T15:33:38","date_gmt":"2021-12-20T14:33:38","guid":{"rendered":"https:\/\/antarisboats.com\/allgemeine-bedingungen-und-konditionen\/"},"modified":"2022-04-25T15:57:17","modified_gmt":"2022-04-25T13:57:17","slug":"allgemeine-bedingungen-und-konditionen","status":"publish","type":"page","link":"https:\/\/antarisboats.com\/de\/allgemeine-bedingungen-und-konditionen\/","title":{"rendered":"Allgemeine Bedingungen und Konditionen"},"content":{"rendered":"<div class=\" eplus-j8U5PS wp-block-cover alignfull is-light eplus-wrapper eplus-styles-uid-369806\"><span aria-hidden=\"true\" class=\"wp-block-cover__gradient-background has-background-dim\"><\/span><img decoding=\"async\" class=\"wp-block-cover__image-background wp-image-1334\" alt=\"\" src=\"https:\/\/res.cloudinary.com\/aquatec\/images\/w_2560,h_1707\/v1628502547\/Connery-29-4\/Connery-29-4.jpg?_i=AA\" style=\"object-position:52% 57%\" data-object-fit=\"cover\" data-object-position=\"52% 57%\"><div class=\"wp-block-cover__inner-container is-layout-flow wp-block-cover-is-layout-flow\"><div class=\"eplus-GMAFiL wp-block-group eplus-wrapper eplus-styles-uid-6e04a9\"><div class=\"wp-block-group__inner-container is-layout-flow wp-block-group-is-layout-flow\"><h2 class=\"eplus-mE7T9C eplus-wrapper wp-block-heading eplus-styles-uid-357f8b\"><strong>Allgemeine Bedingungen und Konditionen<\/strong><\/h2>\n\n<p class=\"eplus-VGn9vI has-text-align-left eplus-wrapper eplus-styles-uid-f585de\"><\/p><\/div><\/div><\/div><\/div>\n\n<div class=\"eplus-LBX7rQ wp-block-columns are-vertically-aligned-center eplus-wrapper is-layout-flex wp-container-core-columns-is-layout-9d6595d7 wp-block-columns-is-layout-flex eplus-styles-uid-895b32\">\n<div class=\"eplus-bZJ7UE wp-block-column is-vertically-aligned-center eplus-wrapper is-layout-flow wp-block-column-is-layout-flow\">\n<h2 class=\"eplus-2HZrcq eplus-wrapper wp-block-heading\"><strong>Allgemeine Bedingungen und Konditionen Antaris<\/strong><\/h2>\n<\/div>\n\n\n\n<div class=\"eplus-bKfegD wp-block-column is-vertically-aligned-center eplus-wrapper is-layout-flow wp-block-column-is-layout-flow\">\n<p class=\"eplus-9BrxY5 has-gray-color has-text-color eplus-wrapper\">Die allgemeinen Gesch\u00e4ftsbedingungen von HISWA gelten f\u00fcr die Produkte und Dienstleistungen von Antaris. Laden Sie die Allgemeinen Gesch\u00e4ftsbedingungen von HISWA herunter, indem Sie auf die Schaltfl\u00e4che unten klicken.<\/p>\n<\/div>\n<\/div>\n\n<div class=\"wp-block-downloads eplus-cUeaW4 wp-block-group eplus-wrapper eplus-styles-uid-2555a4\"><div class=\"wp-block-group__inner-container is-layout-flow wp-block-group-is-layout-flow\"><div class=\"eplus-BHTKmO wp-block-group eplus-wrapper eplus-styles-uid-413d53\"><div class=\"wp-block-group__inner-container is-layout-flow wp-block-group-is-layout-flow\">\n<h2 class=\"eplus-6Qqo7O has-text-align-center eplus-wrapper wp-block-heading\"><strong>Downloads<\/strong><\/h2>\n\n\n<p class=\"eplus-5nzdKN has-text-align-center eplus-wrapper eplus-styles-uid-22c6a9\">HISWA Algemene Voorwaarden &#8211; Antaris<\/p><\/div><\/div>\n\n\n<div class=\"eplus-9YDrhM wp-block-file eplus-wrapper\"><a id=\"wp-block-file--media-844a961c-4f3b-422f-8ea2-142c41eb9dc2\" href=\"https:\/\/res.cloudinary.com\/aquatec\/images\/v1635157031\/HISWA-voorwaarden-AVL-NL-2018\/HISWA-voorwaarden-AVL-NL-2018.pdf?_i=AA\">HISWA voorwaarden NL &#8211; 2018<\/a><a href=\"https:\/\/res.cloudinary.com\/aquatec\/images\/v1635157031\/HISWA-voorwaarden-AVL-NL-2018\/HISWA-voorwaarden-AVL-NL-2018.pdf?_i=AA\" class=\"wp-block-file__button\" download aria-describedby=\"wp-block-file--media-844a961c-4f3b-422f-8ea2-142c41eb9dc2\">HISWA<br>Algemene voorwaarden<\/a><\/div>\n<\/div><\/div>","protected":false},"excerpt":{"rendered":"<p>Allgemeine Bedingungen und Konditionen Antaris Die allgemeinen Gesch\u00e4ftsbedingungen von HISWA gelten f\u00fcr die Produkte und Dienstleistungen von Antaris. Laden Sie die Allgemeinen Gesch\u00e4ftsbedingungen von HISWA herunter, indem Sie auf die Schaltfl\u00e4che unten klicken. Downloads HISWA Algemene Voorwaarden &#8211; Antaris<\/p>\n","protected":false},"author":1,"featured_media":0,"parent":0,"menu_order":0,"comment_status":"closed","ping_status":"closed","template":"","meta":{"_aqu_models_start_price":"","_aqu_models_persons":0,"_aqu_models_engine_specifications":"","_aqu_models_engine_type":"","_aqu_models_length":"","_aqu_models_height":"","_aqu_models_width":"","_aqu_models_kwh":"","_aqu_models_image":"","editor_plus_copied_stylings":"{}","footnotes":""},"folder":[],"class_list":["post-6869","page","type-page","status-publish","hentry","entry"],"yoast_head":"<!-- This site is optimized with the Yoast SEO plugin v26.8 - https:\/\/yoast.com\/product\/yoast-seo-wordpress\/ -->\n<title>Allgemeine Bedingungen und Konditionen - Antaris<\/title>\n<meta name=\"description\" content=\"Die allgemeinen Gesch\u00e4ftsbedingungen von HISWA gelten f\u00fcr die Produkte und Dienstleistungen von Antaris. Laden Sie die Allgemeinen Gesch\u00e4ftsbedingungen von HISWA hier herunter\" \/>\n<meta name=\"robots\" content=\"index, follow, max-snippet:-1, max-image-preview:large, max-video-preview:-1\" \/>\n<link rel=\"canonical\" href=\"https:\/\/antarisboats.com\/de\/allgemeine-bedingungen-und-konditionen\/\" \/>\n<meta property=\"og:locale\" content=\"de_DE\" \/>\n<meta property=\"og:type\" content=\"article\" \/>\n<meta property=\"og:title\" content=\"Allgemeine Bedingungen und Konditionen - Antaris\" \/>\n<meta property=\"og:description\" content=\"Die allgemeinen Gesch\u00e4ftsbedingungen von HISWA gelten f\u00fcr die Produkte und Dienstleistungen von Antaris. Laden Sie die Allgemeinen Gesch\u00e4ftsbedingungen von HISWA hier herunter\" \/>\n<meta property=\"og:url\" content=\"https:\/\/antarisboats.com\/de\/allgemeine-bedingungen-und-konditionen\/\" \/>\n<meta property=\"og:site_name\" content=\"Antaris\" \/>\n<meta property=\"article:publisher\" content=\"https:\/\/www.facebook.com\/antaris\" \/>\n<meta property=\"article:modified_time\" content=\"2022-04-25T13:57:17+00:00\" \/>\n<meta property=\"og:image\" content=\"https:\/\/res.cloudinary.com\/aquatec\/images\/w_2560,h_1707\/v1628502547\/Connery-29-4\/Connery-29-4.jpg?_i=AA\" \/>\n<meta name=\"twitter:card\" content=\"summary_large_image\" \/>\n<meta name=\"twitter:site\" content=\"@Antarisshipyard\" \/>\n<script type=\"application\/ld+json\" class=\"yoast-schema-graph\">{\"@context\":\"https:\/\/schema.org\",\"@graph\":[{\"@type\":\"WebPage\",\"@id\":\"https:\/\/antarisboats.com\/de\/allgemeine-bedingungen-und-konditionen\/\",\"url\":\"https:\/\/antarisboats.com\/de\/allgemeine-bedingungen-und-konditionen\/\",\"name\":\"Allgemeine Bedingungen und Konditionen - Antaris\",\"isPartOf\":{\"@id\":\"https:\/\/antarisboats.com\/#website\"},\"primaryImageOfPage\":{\"@id\":\"https:\/\/antarisboats.com\/de\/allgemeine-bedingungen-und-konditionen\/#primaryimage\"},\"image\":{\"@id\":\"https:\/\/antarisboats.com\/de\/allgemeine-bedingungen-und-konditionen\/#primaryimage\"},\"thumbnailUrl\":\"https:\/\/res.cloudinary.com\/aquatec\/images\/w_2560,h_1707\/v1628502547\/Connery-29-4\/Connery-29-4.jpg?_i=AA\",\"datePublished\":\"2021-12-20T14:33:38+00:00\",\"dateModified\":\"2022-04-25T13:57:17+00:00\",\"description\":\"Die allgemeinen Gesch\u00e4ftsbedingungen von HISWA gelten f\u00fcr die Produkte und Dienstleistungen von Antaris. Laden Sie die Allgemeinen Gesch\u00e4ftsbedingungen von HISWA hier herunter\",\"breadcrumb\":{\"@id\":\"https:\/\/antarisboats.com\/de\/allgemeine-bedingungen-und-konditionen\/#breadcrumb\"},\"inLanguage\":\"de-DE\",\"potentialAction\":[{\"@type\":\"ReadAction\",\"target\":[\"https:\/\/antarisboats.com\/de\/allgemeine-bedingungen-und-konditionen\/\"]}]},{\"@type\":\"ImageObject\",\"inLanguage\":\"de-DE\",\"@id\":\"https:\/\/antarisboats.com\/de\/allgemeine-bedingungen-und-konditionen\/#primaryimage\",\"url\":\"https:\/\/res.cloudinary.com\/aquatec\/images\/w_2560,h_1707\/v1628502547\/Connery-29-4\/Connery-29-4.jpg?_i=AA\",\"contentUrl\":\"https:\/\/res.cloudinary.com\/aquatec\/images\/w_2560,h_1707\/v1628502547\/Connery-29-4\/Connery-29-4.jpg?_i=AA\"},{\"@type\":\"BreadcrumbList\",\"@id\":\"https:\/\/antarisboats.com\/de\/allgemeine-bedingungen-und-konditionen\/#breadcrumb\",\"itemListElement\":[{\"@type\":\"ListItem\",\"position\":1,\"name\":\"Home\",\"item\":\"https:\/\/antarisboats.com\/de\/\"},{\"@type\":\"ListItem\",\"position\":2,\"name\":\"Allgemeine Bedingungen und Konditionen\"}]},{\"@type\":\"WebSite\",\"@id\":\"https:\/\/antarisboats.com\/#website\",\"url\":\"https:\/\/antarisboats.com\/\",\"name\":\"Antaris\",\"description\":\"Kiezen voor vertrouwen\",\"publisher\":{\"@id\":\"https:\/\/antarisboats.com\/#organization\"},\"potentialAction\":[{\"@type\":\"SearchAction\",\"target\":{\"@type\":\"EntryPoint\",\"urlTemplate\":\"https:\/\/antarisboats.com\/?s={search_term_string}\"},\"query-input\":{\"@type\":\"PropertyValueSpecification\",\"valueRequired\":true,\"valueName\":\"search_term_string\"}}],\"inLanguage\":\"de-DE\"},{\"@type\":\"Organization\",\"@id\":\"https:\/\/antarisboats.com\/#organization\",\"name\":\"Antaris\",\"url\":\"https:\/\/antarisboats.com\/\",\"logo\":{\"@type\":\"ImageObject\",\"inLanguage\":\"de-DE\",\"@id\":\"https:\/\/antarisboats.com\/#\/schema\/logo\/image\/\",\"url\":\"https:\/\/res.cloudinary.com\/aquatec\/images\/f_auto,q_auto\/v1625782800\/antaris-logo\/antaris-logo.jpeg\",\"contentUrl\":\"https:\/\/res.cloudinary.com\/aquatec\/images\/f_auto,q_auto\/v1625782800\/antaris-logo\/antaris-logo.jpeg\",\"width\":500,\"height\":500,\"caption\":\"Antaris\"},\"image\":{\"@id\":\"https:\/\/antarisboats.com\/#\/schema\/logo\/image\/\"},\"sameAs\":[\"https:\/\/www.facebook.com\/antaris\",\"https:\/\/x.com\/Antarisshipyard\",\"https:\/\/www.instagram.com\/antarisboats\/\",\"https:\/\/www.youtube.com\/channel\/UCnnRWdfwcidTArpRD_4j6bg\"]}]}<\/script>\n<!-- \/ Yoast SEO plugin. -->","yoast_head_json":{"title":"Allgemeine Bedingungen und Konditionen - Antaris","description":"Die allgemeinen Gesch\u00e4ftsbedingungen von HISWA gelten f\u00fcr die Produkte und Dienstleistungen von Antaris. Laden Sie die Allgemeinen Gesch\u00e4ftsbedingungen von HISWA hier herunter","robots":{"index":"index","follow":"follow","max-snippet":"max-snippet:-1","max-image-preview":"max-image-preview:large","max-video-preview":"max-video-preview:-1"},"canonical":"https:\/\/antarisboats.com\/de\/allgemeine-bedingungen-und-konditionen\/","og_locale":"de_DE","og_type":"article","og_title":"Allgemeine Bedingungen und Konditionen - Antaris","og_description":"Die allgemeinen Gesch\u00e4ftsbedingungen von HISWA gelten f\u00fcr die Produkte und Dienstleistungen von Antaris. Laden Sie die Allgemeinen Gesch\u00e4ftsbedingungen von HISWA hier herunter","og_url":"https:\/\/antarisboats.com\/de\/allgemeine-bedingungen-und-konditionen\/","og_site_name":"Antaris","article_publisher":"https:\/\/www.facebook.com\/antaris","article_modified_time":"2022-04-25T13:57:17+00:00","og_image":[{"url":"https:\/\/res.cloudinary.com\/aquatec\/images\/w_2560,h_1707\/v1628502547\/Connery-29-4\/Connery-29-4.jpg?_i=AA","type":"","width":"","height":""}],"twitter_card":"summary_large_image","twitter_site":"@Antarisshipyard","schema":{"@context":"https:\/\/schema.org","@graph":[{"@type":"WebPage","@id":"https:\/\/antarisboats.com\/de\/allgemeine-bedingungen-und-konditionen\/","url":"https:\/\/antarisboats.com\/de\/allgemeine-bedingungen-und-konditionen\/","name":"Allgemeine Bedingungen und Konditionen - Antaris","isPartOf":{"@id":"https:\/\/antarisboats.com\/#website"},"primaryImageOfPage":{"@id":"https:\/\/antarisboats.com\/de\/allgemeine-bedingungen-und-konditionen\/#primaryimage"},"image":{"@id":"https:\/\/antarisboats.com\/de\/allgemeine-bedingungen-und-konditionen\/#primaryimage"},"thumbnailUrl":"https:\/\/res.cloudinary.com\/aquatec\/images\/w_2560,h_1707\/v1628502547\/Connery-29-4\/Connery-29-4.jpg?_i=AA","datePublished":"2021-12-20T14:33:38+00:00","dateModified":"2022-04-25T13:57:17+00:00","description":"Die allgemeinen Gesch\u00e4ftsbedingungen von HISWA gelten f\u00fcr die Produkte und Dienstleistungen von Antaris. Laden Sie die Allgemeinen Gesch\u00e4ftsbedingungen von HISWA hier herunter","breadcrumb":{"@id":"https:\/\/antarisboats.com\/de\/allgemeine-bedingungen-und-konditionen\/#breadcrumb"},"inLanguage":"de-DE","potentialAction":[{"@type":"ReadAction","target":["https:\/\/antarisboats.com\/de\/allgemeine-bedingungen-und-konditionen\/"]}]},{"@type":"ImageObject","inLanguage":"de-DE","@id":"https:\/\/antarisboats.com\/de\/allgemeine-bedingungen-und-konditionen\/#primaryimage","url":"https:\/\/res.cloudinary.com\/aquatec\/images\/w_2560,h_1707\/v1628502547\/Connery-29-4\/Connery-29-4.jpg?_i=AA","contentUrl":"https:\/\/res.cloudinary.com\/aquatec\/images\/w_2560,h_1707\/v1628502547\/Connery-29-4\/Connery-29-4.jpg?_i=AA"},{"@type":"BreadcrumbList","@id":"https:\/\/antarisboats.com\/de\/allgemeine-bedingungen-und-konditionen\/#breadcrumb","itemListElement":[{"@type":"ListItem","position":1,"name":"Home","item":"https:\/\/antarisboats.com\/de\/"},{"@type":"ListItem","position":2,"name":"Allgemeine Bedingungen und Konditionen"}]},{"@type":"WebSite","@id":"https:\/\/antarisboats.com\/#website","url":"https:\/\/antarisboats.com\/","name":"Antaris","description":"Kiezen voor vertrouwen","publisher":{"@id":"https:\/\/antarisboats.com\/#organization"},"potentialAction":[{"@type":"SearchAction","target":{"@type":"EntryPoint","urlTemplate":"https:\/\/antarisboats.com\/?s={search_term_string}"},"query-input":{"@type":"PropertyValueSpecification","valueRequired":true,"valueName":"search_term_string"}}],"inLanguage":"de-DE"},{"@type":"Organization","@id":"https:\/\/antarisboats.com\/#organization","name":"Antaris","url":"https:\/\/antarisboats.com\/","logo":{"@type":"ImageObject","inLanguage":"de-DE","@id":"https:\/\/antarisboats.com\/#\/schema\/logo\/image\/","url":"https:\/\/res.cloudinary.com\/aquatec\/images\/f_auto,q_auto\/v1625782800\/antaris-logo\/antaris-logo.jpeg","contentUrl":"https:\/\/res.cloudinary.com\/aquatec\/images\/f_auto,q_auto\/v1625782800\/antaris-logo\/antaris-logo.jpeg","width":500,"height":500,"caption":"Antaris"},"image":{"@id":"https:\/\/antarisboats.com\/#\/schema\/logo\/image\/"},"sameAs":["https:\/\/www.facebook.com\/antaris","https:\/\/x.com\/Antarisshipyard","https:\/\/www.instagram.com\/antarisboats\/","https:\/\/www.youtube.com\/channel\/UCnnRWdfwcidTArpRD_4j6bg"]}]}},"_links":{"self":[{"href":"https:\/\/antarisboats.com\/de\/wp-json\/wp\/v2\/pages\/6869","targetHints":{"allow":["GET"]}}],"collection":[{"href":"https:\/\/antarisboats.com\/de\/wp-json\/wp\/v2\/pages"}],"about":[{"href":"https:\/\/antarisboats.com\/de\/wp-json\/wp\/v2\/types\/page"}],"author":[{"embeddable":true,"href":"https:\/\/antarisboats.com\/de\/wp-json\/wp\/v2\/users\/1"}],"replies":[{"embeddable":true,"href":"https:\/\/antarisboats.com\/de\/wp-json\/wp\/v2\/comments?post=6869"}],"version-history":[{"count":3,"href":"https:\/\/antarisboats.com\/de\/wp-json\/wp\/v2\/pages\/6869\/revisions"}],"predecessor-version":[{"id":7673,"href":"https:\/\/antarisboats.com\/de\/wp-json\/wp\/v2\/pages\/6869\/revisions\/7673"}],"wp:attachment":[{"href":"https:\/\/antarisboats.com\/de\/wp-json\/wp\/v2\/media?parent=6869"}],"wp:term":[{"taxonomy":"folder","embeddable":true,"href":"https:\/\/antarisboats.com\/de\/wp-json\/wp\/v2\/folder?post=6869"}],"curies":[{"name":"wp","href":"https:\/\/api.w.org\/{rel}","templated":true}]}}