{"id":6857,"date":"2021-12-20T14:11:52","date_gmt":"2021-12-20T13:11:52","guid":{"rendered":"https:\/\/antarisboats.com\/geschichte\/"},"modified":"2023-09-21T14:08:17","modified_gmt":"2023-09-21T12:08:17","slug":"geschichte","status":"publish","type":"page","link":"https:\/\/antarisboats.com\/de\/geschichte\/","title":{"rendered":"Geschichte von Antaris"},"content":{"rendered":"<div class=\"has-background-dim wp-block-cover alignfull is-light eplus-wrapper eplus-styles-uid-692e51\"><span aria-hidden=\"true\" class=\"wp-block-cover__background has-background-dim\"><\/span><img loading=\"lazy\" decoding=\"async\" width=\"2560\" height=\"1707\" class=\"wp-block-cover__image-background wp-image-9129\" alt=\"Antaris Seventy7 Cabin -Geschichte von Antaris\" src=\"https:\/\/antarisboats.com:443\/content\/uploads\/2023\/01\/Antaris-Seventy7-Cabin-sloep-20180720-0030-1-scaled.jpg\" style=\"object-position:50% 37%\" data-object-fit=\"cover\" data-object-position=\"50% 37%\" srcset=\"https:\/\/antarisboats.com:443\/content\/uploads\/2023\/01\/Antaris-Seventy7-Cabin-sloep-20180720-0030-1-scaled.jpg 2560w, https:\/\/antarisboats.com:443\/content\/uploads\/2023\/01\/Antaris-Seventy7-Cabin-sloep-20180720-0030-1-500x333.jpg 500w, https:\/\/antarisboats.com:443\/content\/uploads\/2023\/01\/Antaris-Seventy7-Cabin-sloep-20180720-0030-1-1920x1280.jpg 1920w, https:\/\/antarisboats.com:443\/content\/uploads\/2023\/01\/Antaris-Seventy7-Cabin-sloep-20180720-0030-1-768x512.jpg 768w, https:\/\/antarisboats.com:443\/content\/uploads\/2023\/01\/Antaris-Seventy7-Cabin-sloep-20180720-0030-1-1536x1024.jpg 1536w, https:\/\/antarisboats.com:443\/content\/uploads\/2023\/01\/Antaris-Seventy7-Cabin-sloep-20180720-0030-1-2048x1365.jpg 2048w, https:\/\/antarisboats.com:443\/content\/uploads\/2023\/01\/Antaris-Seventy7-Cabin-sloep-20180720-0030-1-1568x1045.jpg 1568w\" sizes=\"auto, (max-width: 2560px) 100vw, 2560px\" \/><div class=\"wp-block-cover__inner-container is-layout-flow wp-block-cover-is-layout-flow\"><div class=\"eplus-YLy1lp wp-block-group eplus-wrapper eplus-styles-uid-6599f3\"><div class=\"wp-block-group__inner-container is-layout-flow wp-block-group-is-layout-flow\"><h2 class=\"eplus-MHeWjg wp-block-heading eplus-wrapper eplus-styles-uid-bf17fa\"><strong>Geschichte von Antaris<\/strong><\/h2>\n\n<p class=\"eplus-IIXedn has-text-align-left eplus-wrapper eplus-styles-uid-74e56b\"><\/p><\/div><\/div><\/div><\/div>\n\n<div class=\"eplus-JbuJM0 wp-block-columns are-vertically-aligned-center eplus-wrapper is-layout-flex wp-container-core-columns-is-layout-9d6595d7 wp-block-columns-is-layout-flex eplus-styles-uid-1c4d49\"><div class=\"eplus-gcFtMr wp-block-column is-vertically-aligned-center eplus-wrapper is-layout-flow wp-block-column-is-layout-flow eplus-styles-uid-2c41fb\"><h2 class=\"eplus-Ybq4Ku wp-block-heading eplus-wrapper eplus-styles-uid-2c41fb\"><strong>Antaris, Hersteller von Qualit\u00e4tsschaluppen seit 1989<\/strong><\/h2><\/div>\n\n<div class=\"eplus-ZXCsJE wp-block-column is-vertically-aligned-center eplus-wrapper is-layout-flow wp-block-column-is-layout-flow eplus-styles-uid-2c41fb\">\n<p class=\"eplus-xYpYg9 eplus-wrapper\">Die Geschichte von Antaris begann im Jahr 1989 mit dem Namen Adria; gegr\u00fcndet von Mark und Laura van der Wilgen. Die ersten Boote werden unter diesem Namen an einem sch\u00f6nen Wassersportstandort in Ossezijl gebaut. Angetrieben von der Leidenschaft, \u201eetwas richtig oder gar nicht erst zu machen\u201c und mit einem echten Herz f\u00fcr den Wassersport, war Adria einer der ersten modernen Schaluppenbauer. Im Jahr 1992 lie\u00dfen sie den heutigen Markennamen Antaris eintragen.<\/p>\n\n\n\n<p class=\"eplus-wYn0TJ eplus-wrapper\">Im Jahr 2002 wurde das Unternehmen von Hans und Jeannet Webbink \u00fcbernommen und setzte seinen Erfolg unter dem heutigen Markennamen Antaris fort. Im Jahr 2005 zog die Werft in das Herz des Wassersports, nach Woudsend in Friesland.<\/p>\n<\/div><\/div>\n\n<div class=\"is-large eplus-4a2vqR wp-block-media-text alignwide is-stacked-on-mobile is-image-fill eplus-wrapper eplus-styles-uid-470dcf\"><figure class=\"wp-block-media-text__media\" style=\"background-image:url(https:\/\/antarisboats.com:443\/content\/uploads\/2022\/04\/Antaris-570-1150pix017.jpg);background-position:48% 44%\"><img loading=\"lazy\" decoding=\"async\" width=\"1150\" height=\"767\" src=\"https:\/\/antarisboats.com:443\/content\/uploads\/2022\/04\/Antaris-570-1150pix017.jpg\" alt=\"Antaris 570\" class=\"wp-image-7460 size-full\" srcset=\"https:\/\/antarisboats.com:443\/content\/uploads\/2022\/04\/Antaris-570-1150pix017.jpg 1150w, https:\/\/antarisboats.com:443\/content\/uploads\/2022\/04\/Antaris-570-1150pix017-500x333.jpg 500w, https:\/\/antarisboats.com:443\/content\/uploads\/2022\/04\/Antaris-570-1150pix017-768x512.jpg 768w\" sizes=\"auto, (max-width: 1150px) 100vw, 1150px\" \/><\/figure><div class=\"wp-block-media-text__content\">\n<p class=\"eplus-vwAC0G eplus-wrapper\">Mit gro\u00dfen Erfolgen wie der Antaris 520, Antaris 570 und der Antaris 630 entsteht einer der gr\u00f6\u00dften Schaluppenbauer der Niederlande. Diese Modelle werden im Laufe der Jahre st\u00e4ndig verbessert, um den Bed\u00fcrfnissen der Kunden gerecht zu werden.<\/p>\n\n\n\n<p class=\"eplus-0272BB eplus-wrapper\">Abgeleitet von den beliebten Rettungsschaluppen wurde die erfolgreiche Rainbow-Serie ab 2007 um die Modelle RB18, RB22, RB24 und RB27 erweitert. Im Jahr 2009 werden mit der Connery-Serie auch die innovativen Antaris-Tenderschaluppen folgen.<\/p>\n<\/div><\/div>\n\n<div class=\"is-large wp-block-media-text alignwide has-media-on-the-right is-stacked-on-mobile is-image-fill eplus-wrapper eplus-styles-uid-470dcf\"><div class=\"wp-block-media-text__content\">\n<p class=\"eplus-RTWH0k eplus-wrapper\">Im Jahr 2008 erfolgte der Zusammenschluss mit Maril Boats aus Koudum, das zuvor mit Makma Marine fusioniert hatte. Dadurch entsteht das gr\u00f6\u00dfte Schaluppenunternehmen der Niederlande, Aquatec Industries, mit den Marken Antaris, Maril und Makma. F\u00fcr die drei Marken bricht eine neue \u00c4ra an.<\/p>\n\n\n\n<p class=\"eplus-n09v01 eplus-wrapper\">Im Jahr 2010 haben sich die drei Marken am Antaris-Standort in Woudsend, Friesland, niedergelassen. Dieser einzigartige Ort verf\u00fcgt \u00fcber einen riesigen \u00fcberdachten Hafen, in dem man das ganze Jahr \u00fcber Schaluppen auf dem Wasser beobachten kann. Es ist auch m\u00f6glich, sofort zu einer Probefahrt aufzubrechen.<\/p>\n<\/div><figure class=\"wp-block-media-text__media\" style=\"background-image:url(https:\/\/antarisboats.com\/content\/uploads\/2021\/09\/aquatec-pand.jpg);background-position:50% 50%\"><img loading=\"lazy\" decoding=\"async\" width=\"958\" height=\"957\" src=\"https:\/\/antarisboats.com\/content\/uploads\/2021\/09\/aquatec-pand.jpg\" alt=\"Aqutec Industries Woudsend\" class=\"wp-image-1793 size-full\" srcset=\"https:\/\/antarisboats.com:443\/content\/uploads\/2021\/09\/aquatec-pand.jpg 958w, https:\/\/antarisboats.com:443\/content\/uploads\/2021\/09\/aquatec-pand-300x300.jpg 300w, https:\/\/antarisboats.com:443\/content\/uploads\/2021\/09\/aquatec-pand-150x150.jpg 150w, https:\/\/antarisboats.com:443\/content\/uploads\/2021\/09\/aquatec-pand-768x767.jpg 768w\" sizes=\"auto, (max-width: 958px) 100vw, 958px\" \/><\/figure><\/div>\n\n<div class=\"is-large wp-block-media-text alignwide is-stacked-on-mobile is-image-fill eplus-wrapper eplus-styles-uid-470dcf\"><figure class=\"wp-block-media-text__media\" style=\"background-image:url(https:\/\/antarisboats.com\/content\/uploads\/2021\/07\/Antaris-Seventy7-Cabin-sloep-20180720-0064.jpg);background-position:50% 50%\"><img loading=\"lazy\" decoding=\"async\" width=\"1200\" height=\"801\" src=\"https:\/\/antarisboats.com\/content\/uploads\/2021\/07\/Antaris-Seventy7-Cabin-sloep-20180720-0064.jpg\" alt=\"Antaris Seventy7 Cabin\" class=\"wp-image-1121 size-full\" srcset=\"https:\/\/antarisboats.com:443\/content\/uploads\/2021\/07\/Antaris-Seventy7-Cabin-sloep-20180720-0064.jpg 1200w, https:\/\/antarisboats.com:443\/content\/uploads\/2021\/07\/Antaris-Seventy7-Cabin-sloep-20180720-0064-300x200.jpg 300w, https:\/\/antarisboats.com:443\/content\/uploads\/2021\/07\/Antaris-Seventy7-Cabin-sloep-20180720-0064-1024x684.jpg 1024w, https:\/\/antarisboats.com:443\/content\/uploads\/2021\/07\/Antaris-Seventy7-Cabin-sloep-20180720-0064-768x513.jpg 768w\" sizes=\"auto, (max-width: 1200px) 100vw, 1200px\" \/><\/figure><div class=\"wp-block-media-text__content\">\n<p class=\"eplus-vC3pqn eplus-wrapper\">Nach der Zusammenlegung von Vertrieb und Produktion wurde 2011 die Entscheidung getroffen, das Sortiment zu erneuern, da sowohl Antaris als auch Maril \u00fcber eine klassische Schaluppenserie verf\u00fcgten. Mit der Einf\u00fchrung der Antaris Sixty6, Antaris Fifty5  und Antaris Seventy7 wurde eine v\u00f6llig neue, moderne und stilvolle Serie geschaffen. Komfortable Schaluppen mit besonders guten Fahrteigenschaften, die im Wassersportbereich zu einem festen Begriff geworden sind.<\/p>\n<\/div><\/div>\n\n<div class=\"is-large eplus-J6ylR6 wp-block-media-text alignwide has-media-on-the-right is-stacked-on-mobile is-image-fill eplus-wrapper eplus-styles-uid-470dcf\"><div class=\"wp-block-media-text__content\">\n<p class=\"eplus-OJLD2N eplus-wrapper\">Im Jahr 2020 wurde die erste seetaugliche Antaris vorgestellt. Diese stilvolle, ger\u00e4umige <a href=\"https:\/\/antarisboats.com\/de\/models\/antaris-x\/\">Antaris X<\/a> ist funktionell ausgestattet und verf\u00fcgt \u00fcber optimale Fahrteigenschaften. Die Kaj\u00fctschaluppe enth\u00e4lt alles, was man f\u00fcr einen erfolgreichen Mehrtagesausflug auf dem Wasser braucht. <\/p>\n<\/div><figure class=\"wp-block-media-text__media\" style=\"background-image:url(https:\/\/antarisboats.com\/content\/uploads\/2021\/07\/Aquatec_ANTARIS-X_MG_7077-1-scaled.jpg);background-position:52% 55%\"><img loading=\"lazy\" decoding=\"async\" width=\"2560\" height=\"1707\" src=\"https:\/\/antarisboats.com\/content\/uploads\/2021\/07\/Aquatec_ANTARIS-X_MG_7077-1-scaled.jpg\" alt=\"Antaris X\" class=\"wp-image-1388 size-full\" srcset=\"https:\/\/antarisboats.com:443\/content\/uploads\/2021\/07\/Aquatec_ANTARIS-X_MG_7077-1-scaled.jpg 2560w, https:\/\/antarisboats.com:443\/content\/uploads\/2021\/07\/Aquatec_ANTARIS-X_MG_7077-1-300x200.jpg 300w, https:\/\/antarisboats.com:443\/content\/uploads\/2021\/07\/Aquatec_ANTARIS-X_MG_7077-1-1024x683.jpg 1024w, https:\/\/antarisboats.com:443\/content\/uploads\/2021\/07\/Aquatec_ANTARIS-X_MG_7077-1-768x512.jpg 768w, https:\/\/antarisboats.com:443\/content\/uploads\/2021\/07\/Aquatec_ANTARIS-X_MG_7077-1-1536x1024.jpg 1536w, https:\/\/antarisboats.com:443\/content\/uploads\/2021\/07\/Aquatec_ANTARIS-X_MG_7077-1-2048x1365.jpg 2048w, https:\/\/antarisboats.com:443\/content\/uploads\/2021\/07\/Aquatec_ANTARIS-X_MG_7077-1-1568x1045.jpg 1568w\" sizes=\"auto, (max-width: 2560px) 100vw, 2560px\" \/><\/figure><\/div>\n\n<div class=\"is-large eplus-J6ylR6 wp-block-media-text alignwide is-stacked-on-mobile is-image-fill eplus-wrapper eplus-styles-uid-470dcf\"><figure class=\"wp-block-media-text__media\" style=\"background-image:url(https:\/\/antarisboats.com:443\/content\/uploads\/2022\/07\/Antaris-Seventy5-2000px-79-1920x1280.jpg);background-position:50% 50%\"><img loading=\"lazy\" decoding=\"async\" width=\"1920\" height=\"1280\" src=\"https:\/\/antarisboats.com:443\/content\/uploads\/2022\/07\/Antaris-Seventy5-2000px-79-1920x1280.jpg\" alt=\"Antaris Seventy5\" class=\"wp-image-8377 size-full\" srcset=\"https:\/\/antarisboats.com:443\/content\/uploads\/2022\/07\/Antaris-Seventy5-2000px-79-1920x1280.jpg 1920w, https:\/\/antarisboats.com:443\/content\/uploads\/2022\/07\/Antaris-Seventy5-2000px-79-500x333.jpg 500w, https:\/\/antarisboats.com:443\/content\/uploads\/2022\/07\/Antaris-Seventy5-2000px-79-768x512.jpg 768w, https:\/\/antarisboats.com:443\/content\/uploads\/2022\/07\/Antaris-Seventy5-2000px-79-1536x1024.jpg 1536w, https:\/\/antarisboats.com:443\/content\/uploads\/2022\/07\/Antaris-Seventy5-2000px-79-1568x1045.jpg 1568w, https:\/\/antarisboats.com:443\/content\/uploads\/2022\/07\/Antaris-Seventy5-2000px-79.jpg 2000w\" sizes=\"auto, (max-width: 1920px) 100vw, 1920px\" \/><\/figure><div class=\"wp-block-media-text__content\">\n<p class=\"eplus-OJLD2N eplus-wrapper\">Im Jahr 2022 wurde die <a href=\"https:\/\/antarisboats.com\/de\/models\/antaris-seventy5\/\">Antaris Seventy5<\/a> eingef\u00fchrt. Einzigartig an dieser Schaluppe ist der schr\u00e4ge offene Heckspiegel und die flexible R\u00fcckenst\u00fctze an der Sonnenliege. Dar\u00fcber hinaus ist die Antaris Seventy5 f\u00fcr das elektrische Segeln konzipiert. Das Design ber\u00fccksichtigt einen speziellen Raum unter dem Cockpitboden f\u00fcr die Batterien. Es besteht auch noch die M\u00f6glichkeit, das Boot mit einem Dieselmotor auszustatten.<\/p>\n\n\n\n<p class=\"eplus-vvULhZ eplus-wrapper\">Mit der Einf\u00fchrung neuer Modelle werden auch Modelle aus dem Sortiment genommen. Sehen Sie sich die alten Antaris-Modelle \u00fcber den Link an: <a href=\"https:\/\/antarisboats.com\/de\/alte-modelle\/\">Alte Modelle<\/a>. <\/p>\n<\/div><\/div>\n\n<div class=\"wp-block-media-banner -right eplus-P6Ncti wp-block-columns alignwide are-vertically-aligned-bottom eplus-wrapper is-layout-flex wp-container-core-columns-is-layout-9d6595d7 wp-block-columns-is-layout-flex eplus-styles-uid-5ccf59\">\n<div class=\"eplus-0QNMWw wp-block-column is-vertically-aligned-bottom eplus-wrapper is-layout-flow wp-block-column-is-layout-flow\" style=\"flex-basis:66.66%\"><div class=\"has-media eplus-KDSpAC wp-block-cover is-light eplus-wrapper eplus-styles-uid-7ab3d4\"><span aria-hidden=\"true\" class=\"wp-block-cover__background has-background-dim-0 has-background-dim\"><\/span><img loading=\"lazy\" decoding=\"async\" width=\"2560\" height=\"1254\" class=\"wp-block-cover__image-background wp-image-823\" alt=\"\" src=\"https:\/\/antarisboats.com\/content\/uploads\/2021\/07\/Antaris-Sixty6-sloep-20180701-0005-edit-kopie-scaled.jpg\" data-object-fit=\"cover\" srcset=\"https:\/\/antarisboats.com:443\/content\/uploads\/2021\/07\/Antaris-Sixty6-sloep-20180701-0005-edit-kopie-scaled.jpg 2560w, https:\/\/antarisboats.com:443\/content\/uploads\/2021\/07\/Antaris-Sixty6-sloep-20180701-0005-edit-kopie-300x147.jpg 300w, https:\/\/antarisboats.com:443\/content\/uploads\/2021\/07\/Antaris-Sixty6-sloep-20180701-0005-edit-kopie-1024x502.jpg 1024w, https:\/\/antarisboats.com:443\/content\/uploads\/2021\/07\/Antaris-Sixty6-sloep-20180701-0005-edit-kopie-768x376.jpg 768w, https:\/\/antarisboats.com:443\/content\/uploads\/2021\/07\/Antaris-Sixty6-sloep-20180701-0005-edit-kopie-1536x753.jpg 1536w, https:\/\/antarisboats.com:443\/content\/uploads\/2021\/07\/Antaris-Sixty6-sloep-20180701-0005-edit-kopie-2048x1003.jpg 2048w, https:\/\/antarisboats.com:443\/content\/uploads\/2021\/07\/Antaris-Sixty6-sloep-20180701-0005-edit-kopie-1568x768.jpg 1568w\" sizes=\"auto, (max-width: 2560px) 100vw, 2560px\" \/><div class=\"wp-block-cover__inner-container is-layout-flow wp-block-cover-is-layout-flow\">\n<p class=\"eplus-0lptHa has-text-align-center has-large-font-size eplus-wrapper\"><\/p>\n<\/div><\/div><\/div>\n\n\n<div class=\"eplus-9cAmyu wp-block-column is-vertically-aligned-bottom eplus-wrapper is-layout-flow wp-block-column-is-layout-flow eplus-styles-uid-092a24\" style=\"flex-basis:33.33%\"><h2 class=\"eplus-tfTEV1 wp-block-heading eplus-wrapper eplus-styles-uid-304961\"><strong>Planen Sie einen Besuch<\/strong><\/h2>\n\n<p class=\"eplus-raSUuz eplus-wrapper eplus-styles-uid-2faf7a\">Sehen Sie sich unser aktuelles Angebot in unserer Bootshalle in Woudsend an<\/p>\n\n<p class=\"eplus-kmxOGD eplus-wrapper eplus-styles-uid-cc372f\">Nehmen Sie f\u00fcr einen Termin oder eine Probefahrt Kontakt auf:<\/p>\n\n\n<p class=\"eplus-X84XPs eplus-wrapper\">+31 514 596 270 \/ info@aquatec.frl<\/p>\n<\/div><\/div>","protected":false},"excerpt":{"rendered":"<p>Antaris, Hersteller von Qualit\u00e4tsschaluppen seit 1989 Die Geschichte von Antaris begann im Jahr 1989 mit dem Namen Adria; gegr\u00fcndet von Mark und Laura van der Wilgen. Die ersten Boote werden unter diesem Namen an einem sch\u00f6nen Wassersportstandort in Ossezijl gebaut. Angetrieben von der Leidenschaft, \u201eetwas richtig oder gar nicht erst zu machen\u201c und mit einem&hellip; <a class=\"more-link\" href=\"https:\/\/antarisboats.com\/de\/geschichte\/\">Continue reading <span class=\"screen-reader-text\">Geschichte von Antaris<\/span><\/a><\/p>\n","protected":false},"author":3,"featured_media":0,"parent":0,"menu_order":69,"comment_status":"closed","ping_status":"closed","template":"","meta":{"_aqu_models_start_price":"","_aqu_models_persons":0,"_aqu_models_engine_specifications":"","_aqu_models_engine_type":"","_aqu_models_length":"","_aqu_models_height":"","_aqu_models_width":"","_aqu_models_kwh":"","_aqu_models_image":"","editor_plus_copied_stylings":"{}","footnotes":""},"folder":[],"class_list":["post-6857","page","type-page","status-publish","hentry","entry"],"yoast_head":"<!-- This site is optimized with the Yoast SEO plugin v26.8 - https:\/\/yoast.com\/product\/yoast-seo-wordpress\/ -->\n<title>Geschichte von Antaris - Antaris<\/title>\n<meta name=\"description\" content=\"Die Geschichte von Antaris begann im Jahr 1989 mit dem Namen Adria; gegr\u00fcndet von Mark und Laura van der Wilgen.\" \/>\n<meta name=\"robots\" content=\"index, follow, max-snippet:-1, max-image-preview:large, max-video-preview:-1\" \/>\n<link rel=\"canonical\" href=\"https:\/\/antarisboats.com\/de\/geschichte\/\" \/>\n<meta property=\"og:locale\" content=\"de_DE\" \/>\n<meta property=\"og:type\" content=\"article\" \/>\n<meta property=\"og:title\" content=\"Geschichte von Antaris - Antaris\" \/>\n<meta property=\"og:description\" content=\"Die Geschichte von Antaris begann im Jahr 1989 mit dem Namen Adria; gegr\u00fcndet von Mark und Laura van der Wilgen.\" \/>\n<meta property=\"og:url\" content=\"https:\/\/antarisboats.com\/de\/geschichte\/\" \/>\n<meta property=\"og:site_name\" content=\"Antaris\" \/>\n<meta property=\"article:publisher\" content=\"https:\/\/www.facebook.com\/antaris\" \/>\n<meta property=\"article:modified_time\" content=\"2023-09-21T12:08:17+00:00\" \/>\n<meta property=\"og:image\" content=\"https:\/\/antarisboats.com:443\/content\/uploads\/2023\/01\/Antaris-Seventy7-Cabin-sloep-20180720-0030-1-scaled.jpg\" \/>\n<meta name=\"twitter:card\" content=\"summary_large_image\" \/>\n<meta name=\"twitter:site\" content=\"@Antarisshipyard\" \/>\n<script type=\"application\/ld+json\" class=\"yoast-schema-graph\">{\"@context\":\"https:\/\/schema.org\",\"@graph\":[{\"@type\":\"WebPage\",\"@id\":\"https:\/\/antarisboats.com\/de\/geschichte\/\",\"url\":\"https:\/\/antarisboats.com\/de\/geschichte\/\",\"name\":\"Geschichte von Antaris - Antaris\",\"isPartOf\":{\"@id\":\"https:\/\/antarisboats.com\/#website\"},\"primaryImageOfPage\":{\"@id\":\"https:\/\/antarisboats.com\/de\/geschichte\/#primaryimage\"},\"image\":{\"@id\":\"https:\/\/antarisboats.com\/de\/geschichte\/#primaryimage\"},\"thumbnailUrl\":\"https:\/\/antarisboats.com:443\/content\/uploads\/2023\/01\/Antaris-Seventy7-Cabin-sloep-20180720-0030-1-scaled.jpg\",\"datePublished\":\"2021-12-20T13:11:52+00:00\",\"dateModified\":\"2023-09-21T12:08:17+00:00\",\"description\":\"Die Geschichte von Antaris begann im Jahr 1989 mit dem Namen Adria; gegr\u00fcndet von Mark und Laura van der Wilgen.\",\"breadcrumb\":{\"@id\":\"https:\/\/antarisboats.com\/de\/geschichte\/#breadcrumb\"},\"inLanguage\":\"de-DE\",\"potentialAction\":[{\"@type\":\"ReadAction\",\"target\":[\"https:\/\/antarisboats.com\/de\/geschichte\/\"]}]},{\"@type\":\"ImageObject\",\"inLanguage\":\"de-DE\",\"@id\":\"https:\/\/antarisboats.com\/de\/geschichte\/#primaryimage\",\"url\":\"https:\/\/antarisboats.com:443\/content\/uploads\/2023\/01\/Antaris-Seventy7-Cabin-sloep-20180720-0030-1-scaled.jpg\",\"contentUrl\":\"https:\/\/antarisboats.com:443\/content\/uploads\/2023\/01\/Antaris-Seventy7-Cabin-sloep-20180720-0030-1-scaled.jpg\"},{\"@type\":\"BreadcrumbList\",\"@id\":\"https:\/\/antarisboats.com\/de\/geschichte\/#breadcrumb\",\"itemListElement\":[{\"@type\":\"ListItem\",\"position\":1,\"name\":\"Home\",\"item\":\"https:\/\/antarisboats.com\/de\/\"},{\"@type\":\"ListItem\",\"position\":2,\"name\":\"Geschichte von Antaris\"}]},{\"@type\":\"WebSite\",\"@id\":\"https:\/\/antarisboats.com\/#website\",\"url\":\"https:\/\/antarisboats.com\/\",\"name\":\"Antaris\",\"description\":\"Kiezen voor vertrouwen\",\"publisher\":{\"@id\":\"https:\/\/antarisboats.com\/#organization\"},\"potentialAction\":[{\"@type\":\"SearchAction\",\"target\":{\"@type\":\"EntryPoint\",\"urlTemplate\":\"https:\/\/antarisboats.com\/?s={search_term_string}\"},\"query-input\":{\"@type\":\"PropertyValueSpecification\",\"valueRequired\":true,\"valueName\":\"search_term_string\"}}],\"inLanguage\":\"de-DE\"},{\"@type\":\"Organization\",\"@id\":\"https:\/\/antarisboats.com\/#organization\",\"name\":\"Antaris\",\"url\":\"https:\/\/antarisboats.com\/\",\"logo\":{\"@type\":\"ImageObject\",\"inLanguage\":\"de-DE\",\"@id\":\"https:\/\/antarisboats.com\/#\/schema\/logo\/image\/\",\"url\":\"https:\/\/res.cloudinary.com\/aquatec\/images\/f_auto,q_auto\/v1625782800\/antaris-logo\/antaris-logo.jpeg\",\"contentUrl\":\"https:\/\/res.cloudinary.com\/aquatec\/images\/f_auto,q_auto\/v1625782800\/antaris-logo\/antaris-logo.jpeg\",\"width\":500,\"height\":500,\"caption\":\"Antaris\"},\"image\":{\"@id\":\"https:\/\/antarisboats.com\/#\/schema\/logo\/image\/\"},\"sameAs\":[\"https:\/\/www.facebook.com\/antaris\",\"https:\/\/x.com\/Antarisshipyard\",\"https:\/\/www.instagram.com\/antarisboats\/\",\"https:\/\/www.youtube.com\/channel\/UCnnRWdfwcidTArpRD_4j6bg\"]}]}<\/script>\n<!-- \/ Yoast SEO plugin. -->","yoast_head_json":{"title":"Geschichte von Antaris - Antaris","description":"Die Geschichte von Antaris begann im Jahr 1989 mit dem Namen Adria; gegr\u00fcndet von Mark und Laura van der Wilgen.","robots":{"index":"index","follow":"follow","max-snippet":"max-snippet:-1","max-image-preview":"max-image-preview:large","max-video-preview":"max-video-preview:-1"},"canonical":"https:\/\/antarisboats.com\/de\/geschichte\/","og_locale":"de_DE","og_type":"article","og_title":"Geschichte von Antaris - Antaris","og_description":"Die Geschichte von Antaris begann im Jahr 1989 mit dem Namen Adria; gegr\u00fcndet von Mark und Laura van der Wilgen.","og_url":"https:\/\/antarisboats.com\/de\/geschichte\/","og_site_name":"Antaris","article_publisher":"https:\/\/www.facebook.com\/antaris","article_modified_time":"2023-09-21T12:08:17+00:00","og_image":[{"url":"https:\/\/antarisboats.com:443\/content\/uploads\/2023\/01\/Antaris-Seventy7-Cabin-sloep-20180720-0030-1-scaled.jpg","type":"","width":"","height":""}],"twitter_card":"summary_large_image","twitter_site":"@Antarisshipyard","schema":{"@context":"https:\/\/schema.org","@graph":[{"@type":"WebPage","@id":"https:\/\/antarisboats.com\/de\/geschichte\/","url":"https:\/\/antarisboats.com\/de\/geschichte\/","name":"Geschichte von Antaris - Antaris","isPartOf":{"@id":"https:\/\/antarisboats.com\/#website"},"primaryImageOfPage":{"@id":"https:\/\/antarisboats.com\/de\/geschichte\/#primaryimage"},"image":{"@id":"https:\/\/antarisboats.com\/de\/geschichte\/#primaryimage"},"thumbnailUrl":"https:\/\/antarisboats.com:443\/content\/uploads\/2023\/01\/Antaris-Seventy7-Cabin-sloep-20180720-0030-1-scaled.jpg","datePublished":"2021-12-20T13:11:52+00:00","dateModified":"2023-09-21T12:08:17+00:00","description":"Die Geschichte von Antaris begann im Jahr 1989 mit dem Namen Adria; gegr\u00fcndet von Mark und Laura van der Wilgen.","breadcrumb":{"@id":"https:\/\/antarisboats.com\/de\/geschichte\/#breadcrumb"},"inLanguage":"de-DE","potentialAction":[{"@type":"ReadAction","target":["https:\/\/antarisboats.com\/de\/geschichte\/"]}]},{"@type":"ImageObject","inLanguage":"de-DE","@id":"https:\/\/antarisboats.com\/de\/geschichte\/#primaryimage","url":"https:\/\/antarisboats.com:443\/content\/uploads\/2023\/01\/Antaris-Seventy7-Cabin-sloep-20180720-0030-1-scaled.jpg","contentUrl":"https:\/\/antarisboats.com:443\/content\/uploads\/2023\/01\/Antaris-Seventy7-Cabin-sloep-20180720-0030-1-scaled.jpg"},{"@type":"BreadcrumbList","@id":"https:\/\/antarisboats.com\/de\/geschichte\/#breadcrumb","itemListElement":[{"@type":"ListItem","position":1,"name":"Home","item":"https:\/\/antarisboats.com\/de\/"},{"@type":"ListItem","position":2,"name":"Geschichte von Antaris"}]},{"@type":"WebSite","@id":"https:\/\/antarisboats.com\/#website","url":"https:\/\/antarisboats.com\/","name":"Antaris","description":"Kiezen voor vertrouwen","publisher":{"@id":"https:\/\/antarisboats.com\/#organization"},"potentialAction":[{"@type":"SearchAction","target":{"@type":"EntryPoint","urlTemplate":"https:\/\/antarisboats.com\/?s={search_term_string}"},"query-input":{"@type":"PropertyValueSpecification","valueRequired":true,"valueName":"search_term_string"}}],"inLanguage":"de-DE"},{"@type":"Organization","@id":"https:\/\/antarisboats.com\/#organization","name":"Antaris","url":"https:\/\/antarisboats.com\/","logo":{"@type":"ImageObject","inLanguage":"de-DE","@id":"https:\/\/antarisboats.com\/#\/schema\/logo\/image\/","url":"https:\/\/res.cloudinary.com\/aquatec\/images\/f_auto,q_auto\/v1625782800\/antaris-logo\/antaris-logo.jpeg","contentUrl":"https:\/\/res.cloudinary.com\/aquatec\/images\/f_auto,q_auto\/v1625782800\/antaris-logo\/antaris-logo.jpeg","width":500,"height":500,"caption":"Antaris"},"image":{"@id":"https:\/\/antarisboats.com\/#\/schema\/logo\/image\/"},"sameAs":["https:\/\/www.facebook.com\/antaris","https:\/\/x.com\/Antarisshipyard","https:\/\/www.instagram.com\/antarisboats\/","https:\/\/www.youtube.com\/channel\/UCnnRWdfwcidTArpRD_4j6bg"]}]}},"_links":{"self":[{"href":"https:\/\/antarisboats.com\/de\/wp-json\/wp\/v2\/pages\/6857","targetHints":{"allow":["GET"]}}],"collection":[{"href":"https:\/\/antarisboats.com\/de\/wp-json\/wp\/v2\/pages"}],"about":[{"href":"https:\/\/antarisboats.com\/de\/wp-json\/wp\/v2\/types\/page"}],"author":[{"embeddable":true,"href":"https:\/\/antarisboats.com\/de\/wp-json\/wp\/v2\/users\/3"}],"replies":[{"embeddable":true,"href":"https:\/\/antarisboats.com\/de\/wp-json\/wp\/v2\/comments?post=6857"}],"version-history":[{"count":18,"href":"https:\/\/antarisboats.com\/de\/wp-json\/wp\/v2\/pages\/6857\/revisions"}],"predecessor-version":[{"id":10083,"href":"https:\/\/antarisboats.com\/de\/wp-json\/wp\/v2\/pages\/6857\/revisions\/10083"}],"wp:attachment":[{"href":"https:\/\/antarisboats.com\/de\/wp-json\/wp\/v2\/media?parent=6857"}],"wp:term":[{"taxonomy":"folder","embeddable":true,"href":"https:\/\/antarisboats.com\/de\/wp-json\/wp\/v2\/folder?post=6857"}],"curies":[{"name":"wp","href":"https:\/\/api.w.org\/{rel}","templated":true}]}}