{"id":6853,"date":"2021-12-20T13:32:06","date_gmt":"2021-12-20T12:32:06","guid":{"rendered":"https:\/\/antarisboats.com\/dienstleistungen-antaris\/"},"modified":"2025-07-12T09:17:37","modified_gmt":"2025-07-12T07:17:37","slug":"dienstleistungen-antaris","status":"publish","type":"page","link":"https:\/\/antarisboats.com\/de\/dienstleistungen-antaris\/","title":{"rendered":"Dienstleistungen"},"content":{"rendered":"<div class=\"has-background-dim wp-block-cover alignfull is-light eplus-wrapper eplus-styles-uid-369806\"><span aria-hidden=\"true\" class=\"wp-block-cover__background has-background-dim-10 has-background-dim\"><\/span><img loading=\"lazy\" decoding=\"async\" width=\"2560\" height=\"1707\" class=\"wp-block-cover__image-background wp-image-6593\" alt=\"\" src=\"https:\/\/antarisboats.com:443\/content\/uploads\/2021\/11\/12-Productie-006-2-scaled.jpg\" style=\"object-position:65% 19%\" data-object-fit=\"cover\" data-object-position=\"65% 19%\" srcset=\"https:\/\/antarisboats.com:443\/content\/uploads\/2021\/11\/12-Productie-006-2-scaled.jpg 2560w, https:\/\/antarisboats.com:443\/content\/uploads\/2021\/11\/12-Productie-006-2-500x333.jpg 500w, https:\/\/antarisboats.com:443\/content\/uploads\/2021\/11\/12-Productie-006-2-1920x1280.jpg 1920w, https:\/\/antarisboats.com:443\/content\/uploads\/2021\/11\/12-Productie-006-2-768x512.jpg 768w, https:\/\/antarisboats.com:443\/content\/uploads\/2021\/11\/12-Productie-006-2-1536x1024.jpg 1536w, https:\/\/antarisboats.com:443\/content\/uploads\/2021\/11\/12-Productie-006-2-2048x1365.jpg 2048w, https:\/\/antarisboats.com:443\/content\/uploads\/2021\/11\/12-Productie-006-2-1568x1045.jpg 1568w\" sizes=\"auto, (max-width: 2560px) 100vw, 2560px\" \/><div class=\"wp-block-cover__inner-container is-layout-flow wp-block-cover-is-layout-flow\"><div class=\"eplus-aMDMgU wp-block-group eplus-wrapper eplus-styles-uid-6e04a9\"><div class=\"wp-block-group__inner-container is-layout-flow wp-block-group-is-layout-flow\"><h2 class=\"eplus-QtA8BT wp-block-heading eplus-wrapper eplus-styles-uid-02abda\"><strong>Dienstleistungen<\/strong><\/h2>\n\n<p class=\"eplus-f7bGRL has-text-align-left eplus-wrapper eplus-styles-uid-f585de\">Bei Antaris werden Sie rundum betreut<\/p><\/div><\/div><\/div><\/div>\n\n<div class=\"eplus-EfZfgG wp-block-columns are-vertically-aligned-center eplus-wrapper is-layout-flex wp-container-core-columns-is-layout-9d6595d7 wp-block-columns-is-layout-flex eplus-styles-uid-895b32\">\n<div class=\"eplus-Nl1sfR wp-block-column is-vertically-aligned-center eplus-wrapper is-layout-flow wp-block-column-is-layout-flow\">\n<h2 class=\"eplus-1RAVtu wp-block-heading eplus-wrapper\"><strong>Die Dienstleistungen von Antaris<\/strong><\/h2>\n<\/div>\n\n\n\n<div class=\"eplus-14jQGy wp-block-column is-vertically-aligned-center eplus-wrapper is-layout-flow wp-block-column-is-layout-flow\">\n<p class=\"eplus-aoBTQY has-gray-color has-text-color eplus-wrapper\">Bei Antaris bieten wir eine breite Palette von Dienstleistungen an, um Ihr Schaluppenerlebnis zu vervollst\u00e4ndigen. Unsere Dienstleistungen sind unten aufgef\u00fchrt. F\u00fcr weitere Informationen k\u00f6nnen Sie uns gerne telefonisch (+31 514 596 270) oder per E-Mail (info@aquatec.frl) kontaktieren.<\/p>\n<\/div>\n<\/div>\n\n<div class=\"eplus-z5AVvJ wp-block-columns eplus-wrapper is-layout-flex wp-container-core-columns-is-layout-9d6595d7 wp-block-columns-is-layout-flex eplus-styles-uid-00910b\">\n<div class=\"eplus-2Ut4wI wp-block-column eplus-wrapper is-layout-flow wp-block-column-is-layout-flow\">\n<figure class=\"eplus-5fydrj wp-block-image size-large eplus-wrapper\"><img loading=\"lazy\" decoding=\"async\" width=\"2000\" height=\"1333\" src=\"https:\/\/antarisboats.com:443\/content\/uploads\/2021\/10\/Winterstalling-Aquatec-sloepen-Woudsend-008.jpg\" alt=\"\u00dcberwinterung und Wartung Antaris\" class=\"wp-image-2174\" srcset=\"https:\/\/antarisboats.com:443\/content\/uploads\/2021\/10\/Winterstalling-Aquatec-sloepen-Woudsend-008.jpg 2000w, https:\/\/antarisboats.com:443\/content\/uploads\/2021\/10\/Winterstalling-Aquatec-sloepen-Woudsend-008-500x333.jpg 500w, https:\/\/antarisboats.com:443\/content\/uploads\/2021\/10\/Winterstalling-Aquatec-sloepen-Woudsend-008-1920x1280.jpg 1920w, https:\/\/antarisboats.com:443\/content\/uploads\/2021\/10\/Winterstalling-Aquatec-sloepen-Woudsend-008-768x512.jpg 768w, https:\/\/antarisboats.com:443\/content\/uploads\/2021\/10\/Winterstalling-Aquatec-sloepen-Woudsend-008-1536x1024.jpg 1536w, https:\/\/antarisboats.com:443\/content\/uploads\/2021\/10\/Winterstalling-Aquatec-sloepen-Woudsend-008-1568x1045.jpg 1568w\" sizes=\"auto, (max-width: 2000px) 100vw, 2000px\" \/><\/figure>\n\n\n<h3 class=\"eplus-IpgL6v wp-block-heading eplus-wrapper eplus-styles-uid-b9aac4\"><strong>\u00dcberwinterung<\/strong><\/h3>\n\n<p class=\"eplus-LH0k3r has-gray-color has-text-color eplus-wrapper eplus-styles-uid-664ac8\">Ein guter Schutz w\u00e4hrend der Winterzeit ist f\u00fcr Ihre Schaluppe oder Ihren Cruiser sehr wichtig. In unserem Winterlager steht Ihre Schaluppe sicher, trocken und beheizt.<\/p>\n\n\n<p class=\"eplus-Ob8Cxu eplus-wrapper\"><a href=\"https:\/\/antarisboats.com\/de\/ueberwinterung-und-wartung\/\">Weitere Informationen<\/a><\/p>\n<\/div>\n\n\n\n<div class=\"eplus-s9r0Fk wp-block-column eplus-wrapper is-layout-flow wp-block-column-is-layout-flow\">\n<figure class=\"eplus-KMvfcD wp-block-image size-large eplus-wrapper\"><img loading=\"lazy\" decoding=\"async\" width=\"1024\" height=\"683\" src=\"https:\/\/antarisboats.com:443\/content\/uploads\/2021\/08\/Antifouling-op-een-sloep-aanbrengen-095.jpg\" alt=\"Wartung Schaluppe\" class=\"wp-image-1650\" srcset=\"https:\/\/antarisboats.com:443\/content\/uploads\/2021\/08\/Antifouling-op-een-sloep-aanbrengen-095.jpg 1024w, https:\/\/antarisboats.com:443\/content\/uploads\/2021\/08\/Antifouling-op-een-sloep-aanbrengen-095-300x200.jpg 300w, https:\/\/antarisboats.com:443\/content\/uploads\/2021\/08\/Antifouling-op-een-sloep-aanbrengen-095-768x512.jpg 768w\" sizes=\"auto, (max-width: 1024px) 100vw, 1024px\" \/><\/figure>\n\n\n<h3 class=\"eplus-jvK6ZC wp-block-heading eplus-wrapper eplus-styles-uid-b9aac4\"><strong>Wartung<\/strong><\/h3>\n\n<p class=\"eplus-X8G4gw has-gray-color has-text-color eplus-wrapper eplus-styles-uid-664ac8\">Eine fachkundige Wartung ist f\u00fcr den Erhalt Ihrer Schaluppe besonders wichtig. Ihr Boot wird von qualifiziertem Personal mit langj\u00e4hriger Erfahrung mit Antaris-Booten \u00fcberpr\u00fcft.<\/p>\n\n\n<p class=\"eplus-D0O1RH eplus-wrapper\"><a href=\"https:\/\/antarisboats.com\/de\/ueberwinterung-und-wartung\/\">Weitere Informationen<\/a><\/p>\n<\/div>\n\n\n\n<div class=\"eplus-AIYUHX wp-block-column eplus-wrapper is-layout-flow wp-block-column-is-layout-flow\">\n<figure class=\"eplus-7KHkrQ wp-block-image size-large eplus-wrapper\"><img loading=\"lazy\" decoding=\"async\" width=\"2560\" height=\"1707\" src=\"https:\/\/antarisboats.com:443\/content\/uploads\/2021\/10\/Antaris-Fifty5-sloep-20180701-0013-edit-scaled.jpg\" alt=\"Antaris Fifty5\" class=\"wp-image-4338\" srcset=\"https:\/\/antarisboats.com:443\/content\/uploads\/2021\/10\/Antaris-Fifty5-sloep-20180701-0013-edit-scaled.jpg 2560w, https:\/\/antarisboats.com:443\/content\/uploads\/2021\/10\/Antaris-Fifty5-sloep-20180701-0013-edit-500x333.jpg 500w, https:\/\/antarisboats.com:443\/content\/uploads\/2021\/10\/Antaris-Fifty5-sloep-20180701-0013-edit-1920x1280.jpg 1920w, https:\/\/antarisboats.com:443\/content\/uploads\/2021\/10\/Antaris-Fifty5-sloep-20180701-0013-edit-768x512.jpg 768w, https:\/\/antarisboats.com:443\/content\/uploads\/2021\/10\/Antaris-Fifty5-sloep-20180701-0013-edit-1536x1024.jpg 1536w, https:\/\/antarisboats.com:443\/content\/uploads\/2021\/10\/Antaris-Fifty5-sloep-20180701-0013-edit-2048x1365.jpg 2048w, https:\/\/antarisboats.com:443\/content\/uploads\/2021\/10\/Antaris-Fifty5-sloep-20180701-0013-edit-1568x1045.jpg 1568w\" sizes=\"auto, (max-width: 2560px) 100vw, 2560px\" \/><\/figure>\n\n\n<h3 class=\"eplus-20Qw4b wp-block-heading eplus-wrapper eplus-styles-uid-b9aac4\"><strong>Vermietung<\/strong><\/h3>\n\n<p class=\"eplus-DHVnyo has-gray-color has-text-color eplus-wrapper eplus-styles-uid-664ac8\">Dutzende von Vermietungsunternehmen haben eine oder mehrere Antaris-Schaluppen in ihrer Flotte.<br>Klicken Sie hier, um eine aktuelle \u00dcbersicht aller Antaris-Vermietungsunternehmen zu erhalten. <\/p>\n\n\n<p class=\"eplus-RH4PnI eplus-wrapper\"><a href=\"https:\/\/antarisboats.com\/de\/vermietung-antaris\/\">Weitere Informationen<\/a><\/p>\n<\/div>\n<\/div>\n\n<div class=\"wp-block-media-banner -right eplus-LXAUCh wp-block-columns alignwide are-vertically-aligned-bottom eplus-wrapper is-layout-flex wp-container-core-columns-is-layout-9d6595d7 wp-block-columns-is-layout-flex eplus-styles-uid-9acbaf\">\n<div class=\"eplus-uBFxEh wp-block-column is-vertically-aligned-bottom eplus-wrapper is-layout-flow wp-block-column-is-layout-flow\" style=\"flex-basis:66.66%\"><div class=\"has-media wp-block-cover is-light eplus-wrapper eplus-styles-uid-7ab3d4\"><span aria-hidden=\"true\" class=\"has-background-dim-0 wp-block-cover__gradient-background has-background-dim\"><\/span><img loading=\"lazy\" decoding=\"async\" width=\"1200\" height=\"800\" class=\"wp-block-cover__image-background wp-image-1103\" alt=\"\" src=\"https:\/\/antarisboats.com:443\/content\/uploads\/2021\/07\/Antaris-Seventy7-Cabin-sloep-20180720-0048.jpg\" style=\"object-position:48% 74%\" data-object-fit=\"cover\" data-object-position=\"48% 74%\" srcset=\"https:\/\/antarisboats.com:443\/content\/uploads\/2021\/07\/Antaris-Seventy7-Cabin-sloep-20180720-0048.jpg 1200w, https:\/\/antarisboats.com:443\/content\/uploads\/2021\/07\/Antaris-Seventy7-Cabin-sloep-20180720-0048-300x200.jpg 300w, https:\/\/antarisboats.com:443\/content\/uploads\/2021\/07\/Antaris-Seventy7-Cabin-sloep-20180720-0048-1024x683.jpg 1024w, https:\/\/antarisboats.com:443\/content\/uploads\/2021\/07\/Antaris-Seventy7-Cabin-sloep-20180720-0048-768x512.jpg 768w\" sizes=\"auto, (max-width: 1200px) 100vw, 1200px\" \/><div class=\"wp-block-cover__inner-container is-layout-flow wp-block-cover-is-layout-flow\">\n\n<p class=\"eplus-SuaMHA has-text-align-center has-large-font-size eplus-wrapper\"><\/p>\n\n<\/div><\/div><\/div>\n\n\n<div class=\"eplus-Xj28PT wp-block-column is-vertically-aligned-bottom eplus-wrapper is-layout-flow wp-block-column-is-layout-flow eplus-styles-uid-092a24\" style=\"flex-basis:33.33%\"><h2 class=\"eplus-BKEb9e wp-block-heading eplus-wrapper eplus-styles-uid-304961\"><strong>Besuchen Sie unseren Webshop: alles f\u00fcr Ihre Schaluppe<\/strong><\/h2>\n\n<p class=\"eplus-KqKSAv eplus-wrapper eplus-styles-uid-cc372f\">Unser Webshop macht es Ihnen leicht, alles zu bestellen, was Sie f\u00fcr Ihre Antaris ben\u00f6tigen. Denken Sie an Klebeband f\u00fcr Wasserleitungen, Reinigungsmittel oder Bauteile aus Edelstahl.  <\/p>\n\n\n<div class=\"eplus-l7wmmM wp-block-buttons eplus-wrapper is-layout-flex wp-block-buttons-is-layout-flex\"><div class=\"is-style-theme eplus-kJZMEn wp-block-button eplus-wrapper eplus-styles-uid-3f05d2\"><a class=\"wp-block-button__link wp-element-button\" href=\"http:\/\/allesvooruwsloep.nl\" target=\"_blank\" rel=\"noreferrer noopener\">Shop aufrufen<\/a><\/div><\/div>\n<\/div><\/div>","protected":false},"excerpt":{"rendered":"<p>Die Dienstleistungen von Antaris Bei Antaris bieten wir eine breite Palette von Dienstleistungen an, um Ihr Schaluppenerlebnis zu vervollst\u00e4ndigen. Unsere Dienstleistungen sind unten aufgef\u00fchrt. F\u00fcr weitere Informationen k\u00f6nnen Sie uns gerne telefonisch (+31 514 596 270) oder per E-Mail (info@aquatec.frl) kontaktieren. \u00dcberwinterung Ein guter Schutz w\u00e4hrend der Winterzeit ist f\u00fcr Ihre Schaluppe oder Ihren Cruiser&hellip; <a class=\"more-link\" href=\"https:\/\/antarisboats.com\/de\/dienstleistungen-antaris\/\">Continue reading <span class=\"screen-reader-text\">Dienstleistungen<\/span><\/a><\/p>\n","protected":false},"author":3,"featured_media":14528,"parent":0,"menu_order":62,"comment_status":"closed","ping_status":"closed","template":"","meta":{"_aqu_models_start_price":"","_aqu_models_persons":0,"_aqu_models_engine_specifications":"","_aqu_models_engine_type":"","_aqu_models_length":"","_aqu_models_height":"","_aqu_models_width":"","_aqu_models_kwh":"","_aqu_models_image":"","editor_plus_copied_stylings":"{}","footnotes":""},"folder":[],"class_list":["post-6853","page","type-page","status-publish","has-post-thumbnail","hentry","entry"],"yoast_head":"<!-- This site is optimized with the Yoast SEO plugin v26.8 - https:\/\/yoast.com\/product\/yoast-seo-wordpress\/ -->\n<title>Dienstleistungen - Antaris<\/title>\n<meta name=\"description\" content=\"Bei Antaris bieten wir eine breite Palette von Dienstleistungen an, um Ihr Schaluppenerlebnis zu vervollst\u00e4ndigen. Lesen Sie hier mehr\" \/>\n<meta name=\"robots\" content=\"index, follow, max-snippet:-1, max-image-preview:large, max-video-preview:-1\" \/>\n<link rel=\"canonical\" href=\"https:\/\/antarisboats.com\/de\/dienstleistungen-antaris\/\" \/>\n<meta property=\"og:locale\" content=\"de_DE\" \/>\n<meta property=\"og:type\" content=\"article\" \/>\n<meta property=\"og:title\" content=\"Dienstleistungen - Antaris\" \/>\n<meta property=\"og:description\" content=\"Bei Antaris bieten wir eine breite Palette von Dienstleistungen an, um Ihr Schaluppenerlebnis zu vervollst\u00e4ndigen. Lesen Sie hier mehr\" \/>\n<meta property=\"og:url\" content=\"https:\/\/antarisboats.com\/de\/dienstleistungen-antaris\/\" \/>\n<meta property=\"og:site_name\" content=\"Antaris\" \/>\n<meta property=\"article:publisher\" content=\"https:\/\/www.facebook.com\/antaris\" \/>\n<meta property=\"article:modified_time\" content=\"2025-07-12T07:17:37+00:00\" \/>\n<meta property=\"og:image\" content=\"https:\/\/antarisboats.com:443\/content\/uploads\/2021\/11\/12-Productie-006-2-scaled.jpg\" \/>\n<meta name=\"twitter:card\" content=\"summary_large_image\" \/>\n<meta name=\"twitter:site\" content=\"@Antarisshipyard\" \/>\n<script type=\"application\/ld+json\" class=\"yoast-schema-graph\">{\"@context\":\"https:\/\/schema.org\",\"@graph\":[{\"@type\":\"WebPage\",\"@id\":\"https:\/\/antarisboats.com\/de\/dienstleistungen-antaris\/\",\"url\":\"https:\/\/antarisboats.com\/de\/dienstleistungen-antaris\/\",\"name\":\"Dienstleistungen - Antaris\",\"isPartOf\":{\"@id\":\"https:\/\/antarisboats.com\/#website\"},\"primaryImageOfPage\":{\"@id\":\"https:\/\/antarisboats.com\/de\/dienstleistungen-antaris\/#primaryimage\"},\"image\":{\"@id\":\"https:\/\/antarisboats.com\/de\/dienstleistungen-antaris\/#primaryimage\"},\"thumbnailUrl\":\"https:\/\/antarisboats.com:443\/content\/uploads\/2025\/06\/Foto-winterstalling-scaled.jpg\",\"datePublished\":\"2021-12-20T12:32:06+00:00\",\"dateModified\":\"2025-07-12T07:17:37+00:00\",\"description\":\"Bei Antaris bieten wir eine breite Palette von Dienstleistungen an, um Ihr Schaluppenerlebnis zu vervollst\u00e4ndigen. Lesen Sie hier mehr\",\"breadcrumb\":{\"@id\":\"https:\/\/antarisboats.com\/de\/dienstleistungen-antaris\/#breadcrumb\"},\"inLanguage\":\"de-DE\",\"potentialAction\":[{\"@type\":\"ReadAction\",\"target\":[\"https:\/\/antarisboats.com\/de\/dienstleistungen-antaris\/\"]}]},{\"@type\":\"ImageObject\",\"inLanguage\":\"de-DE\",\"@id\":\"https:\/\/antarisboats.com\/de\/dienstleistungen-antaris\/#primaryimage\",\"url\":\"https:\/\/antarisboats.com:443\/content\/uploads\/2025\/06\/Foto-winterstalling-scaled.jpg\",\"contentUrl\":\"https:\/\/antarisboats.com:443\/content\/uploads\/2025\/06\/Foto-winterstalling-scaled.jpg\",\"width\":2560,\"height\":1706},{\"@type\":\"BreadcrumbList\",\"@id\":\"https:\/\/antarisboats.com\/de\/dienstleistungen-antaris\/#breadcrumb\",\"itemListElement\":[{\"@type\":\"ListItem\",\"position\":1,\"name\":\"Home\",\"item\":\"https:\/\/antarisboats.com\/de\/\"},{\"@type\":\"ListItem\",\"position\":2,\"name\":\"Dienstleistungen\"}]},{\"@type\":\"WebSite\",\"@id\":\"https:\/\/antarisboats.com\/#website\",\"url\":\"https:\/\/antarisboats.com\/\",\"name\":\"Antaris\",\"description\":\"Kiezen voor vertrouwen\",\"publisher\":{\"@id\":\"https:\/\/antarisboats.com\/#organization\"},\"potentialAction\":[{\"@type\":\"SearchAction\",\"target\":{\"@type\":\"EntryPoint\",\"urlTemplate\":\"https:\/\/antarisboats.com\/?s={search_term_string}\"},\"query-input\":{\"@type\":\"PropertyValueSpecification\",\"valueRequired\":true,\"valueName\":\"search_term_string\"}}],\"inLanguage\":\"de-DE\"},{\"@type\":\"Organization\",\"@id\":\"https:\/\/antarisboats.com\/#organization\",\"name\":\"Antaris\",\"url\":\"https:\/\/antarisboats.com\/\",\"logo\":{\"@type\":\"ImageObject\",\"inLanguage\":\"de-DE\",\"@id\":\"https:\/\/antarisboats.com\/#\/schema\/logo\/image\/\",\"url\":\"https:\/\/res.cloudinary.com\/aquatec\/images\/f_auto,q_auto\/v1625782800\/antaris-logo\/antaris-logo.jpeg\",\"contentUrl\":\"https:\/\/res.cloudinary.com\/aquatec\/images\/f_auto,q_auto\/v1625782800\/antaris-logo\/antaris-logo.jpeg\",\"width\":500,\"height\":500,\"caption\":\"Antaris\"},\"image\":{\"@id\":\"https:\/\/antarisboats.com\/#\/schema\/logo\/image\/\"},\"sameAs\":[\"https:\/\/www.facebook.com\/antaris\",\"https:\/\/x.com\/Antarisshipyard\",\"https:\/\/www.instagram.com\/antarisboats\/\",\"https:\/\/www.youtube.com\/channel\/UCnnRWdfwcidTArpRD_4j6bg\"]}]}<\/script>\n<!-- \/ Yoast SEO plugin. -->","yoast_head_json":{"title":"Dienstleistungen - Antaris","description":"Bei Antaris bieten wir eine breite Palette von Dienstleistungen an, um Ihr Schaluppenerlebnis zu vervollst\u00e4ndigen. Lesen Sie hier mehr","robots":{"index":"index","follow":"follow","max-snippet":"max-snippet:-1","max-image-preview":"max-image-preview:large","max-video-preview":"max-video-preview:-1"},"canonical":"https:\/\/antarisboats.com\/de\/dienstleistungen-antaris\/","og_locale":"de_DE","og_type":"article","og_title":"Dienstleistungen - Antaris","og_description":"Bei Antaris bieten wir eine breite Palette von Dienstleistungen an, um Ihr Schaluppenerlebnis zu vervollst\u00e4ndigen. Lesen Sie hier mehr","og_url":"https:\/\/antarisboats.com\/de\/dienstleistungen-antaris\/","og_site_name":"Antaris","article_publisher":"https:\/\/www.facebook.com\/antaris","article_modified_time":"2025-07-12T07:17:37+00:00","og_image":[{"url":"https:\/\/antarisboats.com:443\/content\/uploads\/2021\/11\/12-Productie-006-2-scaled.jpg","type":"","width":"","height":""}],"twitter_card":"summary_large_image","twitter_site":"@Antarisshipyard","schema":{"@context":"https:\/\/schema.org","@graph":[{"@type":"WebPage","@id":"https:\/\/antarisboats.com\/de\/dienstleistungen-antaris\/","url":"https:\/\/antarisboats.com\/de\/dienstleistungen-antaris\/","name":"Dienstleistungen - Antaris","isPartOf":{"@id":"https:\/\/antarisboats.com\/#website"},"primaryImageOfPage":{"@id":"https:\/\/antarisboats.com\/de\/dienstleistungen-antaris\/#primaryimage"},"image":{"@id":"https:\/\/antarisboats.com\/de\/dienstleistungen-antaris\/#primaryimage"},"thumbnailUrl":"https:\/\/antarisboats.com:443\/content\/uploads\/2025\/06\/Foto-winterstalling-scaled.jpg","datePublished":"2021-12-20T12:32:06+00:00","dateModified":"2025-07-12T07:17:37+00:00","description":"Bei Antaris bieten wir eine breite Palette von Dienstleistungen an, um Ihr Schaluppenerlebnis zu vervollst\u00e4ndigen. Lesen Sie hier mehr","breadcrumb":{"@id":"https:\/\/antarisboats.com\/de\/dienstleistungen-antaris\/#breadcrumb"},"inLanguage":"de-DE","potentialAction":[{"@type":"ReadAction","target":["https:\/\/antarisboats.com\/de\/dienstleistungen-antaris\/"]}]},{"@type":"ImageObject","inLanguage":"de-DE","@id":"https:\/\/antarisboats.com\/de\/dienstleistungen-antaris\/#primaryimage","url":"https:\/\/antarisboats.com:443\/content\/uploads\/2025\/06\/Foto-winterstalling-scaled.jpg","contentUrl":"https:\/\/antarisboats.com:443\/content\/uploads\/2025\/06\/Foto-winterstalling-scaled.jpg","width":2560,"height":1706},{"@type":"BreadcrumbList","@id":"https:\/\/antarisboats.com\/de\/dienstleistungen-antaris\/#breadcrumb","itemListElement":[{"@type":"ListItem","position":1,"name":"Home","item":"https:\/\/antarisboats.com\/de\/"},{"@type":"ListItem","position":2,"name":"Dienstleistungen"}]},{"@type":"WebSite","@id":"https:\/\/antarisboats.com\/#website","url":"https:\/\/antarisboats.com\/","name":"Antaris","description":"Kiezen voor vertrouwen","publisher":{"@id":"https:\/\/antarisboats.com\/#organization"},"potentialAction":[{"@type":"SearchAction","target":{"@type":"EntryPoint","urlTemplate":"https:\/\/antarisboats.com\/?s={search_term_string}"},"query-input":{"@type":"PropertyValueSpecification","valueRequired":true,"valueName":"search_term_string"}}],"inLanguage":"de-DE"},{"@type":"Organization","@id":"https:\/\/antarisboats.com\/#organization","name":"Antaris","url":"https:\/\/antarisboats.com\/","logo":{"@type":"ImageObject","inLanguage":"de-DE","@id":"https:\/\/antarisboats.com\/#\/schema\/logo\/image\/","url":"https:\/\/res.cloudinary.com\/aquatec\/images\/f_auto,q_auto\/v1625782800\/antaris-logo\/antaris-logo.jpeg","contentUrl":"https:\/\/res.cloudinary.com\/aquatec\/images\/f_auto,q_auto\/v1625782800\/antaris-logo\/antaris-logo.jpeg","width":500,"height":500,"caption":"Antaris"},"image":{"@id":"https:\/\/antarisboats.com\/#\/schema\/logo\/image\/"},"sameAs":["https:\/\/www.facebook.com\/antaris","https:\/\/x.com\/Antarisshipyard","https:\/\/www.instagram.com\/antarisboats\/","https:\/\/www.youtube.com\/channel\/UCnnRWdfwcidTArpRD_4j6bg"]}]}},"_links":{"self":[{"href":"https:\/\/antarisboats.com\/de\/wp-json\/wp\/v2\/pages\/6853","targetHints":{"allow":["GET"]}}],"collection":[{"href":"https:\/\/antarisboats.com\/de\/wp-json\/wp\/v2\/pages"}],"about":[{"href":"https:\/\/antarisboats.com\/de\/wp-json\/wp\/v2\/types\/page"}],"author":[{"embeddable":true,"href":"https:\/\/antarisboats.com\/de\/wp-json\/wp\/v2\/users\/3"}],"replies":[{"embeddable":true,"href":"https:\/\/antarisboats.com\/de\/wp-json\/wp\/v2\/comments?post=6853"}],"version-history":[{"count":10,"href":"https:\/\/antarisboats.com\/de\/wp-json\/wp\/v2\/pages\/6853\/revisions"}],"predecessor-version":[{"id":14709,"href":"https:\/\/antarisboats.com\/de\/wp-json\/wp\/v2\/pages\/6853\/revisions\/14709"}],"wp:featuredmedia":[{"embeddable":true,"href":"https:\/\/antarisboats.com\/de\/wp-json\/wp\/v2\/media\/14528"}],"wp:attachment":[{"href":"https:\/\/antarisboats.com\/de\/wp-json\/wp\/v2\/media?parent=6853"}],"wp:term":[{"taxonomy":"folder","embeddable":true,"href":"https:\/\/antarisboats.com\/de\/wp-json\/wp\/v2\/folder?post=6853"}],"curies":[{"name":"wp","href":"https:\/\/api.w.org\/{rel}","templated":true}]}}